{"id":8527,"date":"2025-07-11T18:55:11","date_gmt":"2025-07-11T18:55:11","guid":{"rendered":"https:\/\/heliox-containers.com\/?post_type=product&#038;p=8527"},"modified":"2025-07-11T18:56:24","modified_gmt":"2025-07-11T18:56:24","slug":"contenedor-de-oficina-6-x-240m","status":"publish","type":"product","link":"https:\/\/heliox-containers.com\/index.php\/product\/contenedor-de-oficina-6-x-240m\/","title":{"rendered":"Contenedor de oficina 6 x 2,40m"},"content":{"rendered":"<p>Contenedor de oficina de dise\u00f1o de madera de 6\u00d72,40 metros, 2,70 metros de altura.<br \/>\n* Paneles s\u00e1ndwich aislamiento de paredes y techo 7,5 cm<br \/>\n* Ventana abatible (doble acristalamiento)<br \/>\n* Perfil s\u00e1ndwich con aislamiento t\u00e9rmico para baja p\u00e9rdida de energ\u00eda .<br \/>\n* Puerta exterior de chapa de acero H\u00f6rmann<br \/>\n* Instalaci\u00f3n el\u00e9ctrica completa seg\u00fan directivas CE<br \/>\n* Enchufes de 230V<br \/>\n* 2 luces de techo<br \/>\n* Suelo laminado-robusto y r\u00e1pido de limpiar<br \/>\n* Piso aislado, interior con panel OSB<br \/>\n* radiador el\u00e9ctrico de pared<br \/>\n* Ojales para descarga con gr\u00faa y gu\u00eda de montacargas en la parte inferior.<br \/>\n* Construcci\u00f3n robusta, soldada y autoportante del marco de acero<br \/>\n* Peso 2200KG<\/p>\n","protected":false},"excerpt":{"rendered":"<p>Contenedor de oficina de dise\u00f1o de madera de 6\u00d72,40 metros, 2,70 metros de altura.<br \/>\n* Paneles s\u00e1ndwich aislamiento de paredes y techo 7,5 cm<br \/>\n* Ventana abatible (doble acristalamiento)<br \/>\n* Perfil s\u00e1ndwich con aislamiento t\u00e9rmico para baja p\u00e9rdida de energ\u00eda .<br \/>\n* Puerta exterior de chapa de acero H\u00f6rmann<br \/>\n* Instalaci\u00f3n el\u00e9ctrica completa seg\u00fan directivas CE<br \/>\n* Enchufes de 230V<br \/>\n* 2 luces de techo<br \/>\n* Suelo laminado-robusto y r\u00e1pido de limpiar<br \/>\n* Piso aislado, interior con panel OSB<br \/>\n* radiador el\u00e9ctrico de pared<br \/>\n* Ojales para descarga con gr\u00faa y gu\u00eda de montacargas en la parte inferior.<br \/>\n* Construcci\u00f3n robusta, soldada y autoportante del marco de acero<br \/>\n* Peso 2200KG<\/p>\n","protected":false},"featured_media":8720,"comment_status":"open","ping_status":"closed","template":"","meta":{"_acf_changed":false},"product_brand":[],"product_cat":[181],"product_tag":[],"class_list":{"0":"post-8527","1":"product","2":"type-product","3":"status-publish","4":"has-post-thumbnail","6":"product_cat-contenedores-oficinas","8":"first","9":"instock","10":"sale","11":"shipping-taxable","12":"purchasable","13":"product-type-simple"},"acf":[],"jetpack_sharing_enabled":true,"_links":{"self":[{"href":"https:\/\/heliox-containers.com\/index.php\/wp-json\/wp\/v2\/product\/8527","targetHints":{"allow":["GET"]}}],"collection":[{"href":"https:\/\/heliox-containers.com\/index.php\/wp-json\/wp\/v2\/product"}],"about":[{"href":"https:\/\/heliox-containers.com\/index.php\/wp-json\/wp\/v2\/types\/product"}],"replies":[{"embeddable":true,"href":"https:\/\/heliox-containers.com\/index.php\/wp-json\/wp\/v2\/comments?post=8527"}],"version-history":[{"count":1,"href":"https:\/\/heliox-containers.com\/index.php\/wp-json\/wp\/v2\/product\/8527\/revisions"}],"predecessor-version":[{"id":8721,"href":"https:\/\/heliox-containers.com\/index.php\/wp-json\/wp\/v2\/product\/8527\/revisions\/8721"}],"wp:featuredmedia":[{"embeddable":true,"href":"https:\/\/heliox-containers.com\/index.php\/wp-json\/wp\/v2\/media\/8720"}],"wp:attachment":[{"href":"https:\/\/heliox-containers.com\/index.php\/wp-json\/wp\/v2\/media?parent=8527"}],"wp:term":[{"taxonomy":"product_brand","embeddable":true,"href":"https:\/\/heliox-containers.com\/index.php\/wp-json\/wp\/v2\/product_brand?post=8527"},{"taxonomy":"product_cat","embeddable":true,"href":"https:\/\/heliox-containers.com\/index.php\/wp-json\/wp\/v2\/product_cat?post=8527"},{"taxonomy":"product_tag","embeddable":true,"href":"https:\/\/heliox-containers.com\/index.php\/wp-json\/wp\/v2\/product_tag?post=8527"}],"curies":[{"name":"wp","href":"https:\/\/api.w.org\/{rel}","templated":true}]}}