{"id":8526,"date":"2025-07-11T18:55:11","date_gmt":"2025-07-11T18:55:11","guid":{"rendered":"https:\/\/heliox-containers.com\/?post_type=product&#038;p=8526"},"modified":"2025-07-11T18:56:21","modified_gmt":"2025-07-11T18:56:21","slug":"contenedor-de-oficina-5x2-40m","status":"publish","type":"product","link":"https:\/\/heliox-containers.com\/index.php\/product\/contenedor-de-oficina-5x2-40m\/","title":{"rendered":"Contenedor de oficina 5\u00d72.40m"},"content":{"rendered":"<p>Descripci\u00f3n<br \/>\n&#8211; Aislamiento de paredes y techos en paneles s\u00e1ndwich de 7,5 cm.<br \/>\n\u2013 2 ventanas oscilobatientes (doble acristalamiento)<br \/>\n&#8211; Perfil s\u00e1ndwich con aislamiento t\u00e9rmico para baja p\u00e9rdida de energ\u00eda<br \/>\n&#8211; Puerta exterior de chapa de acero H\u00f6rmann<br \/>\n&#8211; Instalaci\u00f3n el\u00e9ctrica completa seg\u00fan directivas CE<br \/>\n&#8211; Enchufes de 230V<br \/>\n&#8211; Luz de techo<br \/>\n&#8211; Suelo laminado-robusto y r\u00e1pido de limpiar<br \/>\n&#8211; Piso aislado, interior con panel OSB<br \/>\n&#8211; calentador el\u00e9ctrico de pared 2000W<br \/>\n&#8211; Ojales para descarga con gr\u00faa<br \/>\n&#8211; Gu\u00edas de montacargas para un transporte f\u00e1cil y seguro<br \/>\n&#8211; Estructura de acero robusta, soldada y autoportante.<br \/>\nEl arrendamiento o la compra de alquiler ahora tambi\u00e9n es posible sin un pago inicial a tarifas mensuales bajas.<\/p>\n<p>Tambi\u00e9n podemos producirlos en cualquier momento seg\u00fan sus especificaciones en otras dimensiones y colores o con inodoros u otras instalaciones.<\/p>\n","protected":false},"excerpt":{"rendered":"<p>&#8216;- Aislamiento de paredes y techos en paneles s\u00e1ndwich de 7,5 cm.<br \/>\n\u2013 2 ventanas oscilobatientes (doble acristalamiento)<br \/>\n&#8211; Perfil s\u00e1ndwich con aislamiento t\u00e9rmico para baja p\u00e9rdida de energ\u00eda<br \/>\n&#8211; Puerta exterior de chapa de acero H\u00f6rmann<br \/>\n&#8211; Instalaci\u00f3n el\u00e9ctrica completa seg\u00fan directivas CE<br \/>\n&#8211; Enchufes de 230V<br \/>\n&#8211; Luz de techo<br \/>\n&#8211; Suelo laminado-robusto y r\u00e1pido de limpiar<br \/>\n&#8211; Piso aislado, interior con panel OSB<br \/>\n&#8211; calentador el\u00e9ctrico de pared 2000W<br \/>\n&#8211; Ojales para descarga con gr\u00faa<br \/>\n&#8211; Gu\u00edas de montacargas para un transporte f\u00e1cil y seguro<br \/>\n&#8211; Estructura de acero robusta, soldada y autoportante.<br \/>\nEl arrendamiento o la compra de alquiler ahora tambi\u00e9n es posible sin un pago inicial a tarifas mensuales bajas.<\/p>\n<p>Tambi\u00e9n podemos producirlos en cualquier momento seg\u00fan sus especificaciones en otras dimensiones y colores o con inodoros u otras instalaciones.<\/p>\n","protected":false},"featured_media":8710,"comment_status":"open","ping_status":"closed","template":"","meta":{"_acf_changed":false},"product_brand":[],"product_cat":[181],"product_tag":[],"class_list":{"0":"post-8526","1":"product","2":"type-product","3":"status-publish","4":"has-post-thumbnail","6":"product_cat-contenedores-oficinas","8":"first","9":"instock","10":"sale","11":"shipping-taxable","12":"purchasable","13":"product-type-simple"},"acf":[],"jetpack_sharing_enabled":true,"_links":{"self":[{"href":"https:\/\/heliox-containers.com\/index.php\/wp-json\/wp\/v2\/product\/8526","targetHints":{"allow":["GET"]}}],"collection":[{"href":"https:\/\/heliox-containers.com\/index.php\/wp-json\/wp\/v2\/product"}],"about":[{"href":"https:\/\/heliox-containers.com\/index.php\/wp-json\/wp\/v2\/types\/product"}],"replies":[{"embeddable":true,"href":"https:\/\/heliox-containers.com\/index.php\/wp-json\/wp\/v2\/comments?post=8526"}],"version-history":[{"count":1,"href":"https:\/\/heliox-containers.com\/index.php\/wp-json\/wp\/v2\/product\/8526\/revisions"}],"predecessor-version":[{"id":8711,"href":"https:\/\/heliox-containers.com\/index.php\/wp-json\/wp\/v2\/product\/8526\/revisions\/8711"}],"wp:featuredmedia":[{"embeddable":true,"href":"https:\/\/heliox-containers.com\/index.php\/wp-json\/wp\/v2\/media\/8710"}],"wp:attachment":[{"href":"https:\/\/heliox-containers.com\/index.php\/wp-json\/wp\/v2\/media?parent=8526"}],"wp:term":[{"taxonomy":"product_brand","embeddable":true,"href":"https:\/\/heliox-containers.com\/index.php\/wp-json\/wp\/v2\/product_brand?post=8526"},{"taxonomy":"product_cat","embeddable":true,"href":"https:\/\/heliox-containers.com\/index.php\/wp-json\/wp\/v2\/product_cat?post=8526"},{"taxonomy":"product_tag","embeddable":true,"href":"https:\/\/heliox-containers.com\/index.php\/wp-json\/wp\/v2\/product_tag?post=8526"}],"curies":[{"name":"wp","href":"https:\/\/api.w.org\/{rel}","templated":true}]}}