{"id":8469,"date":"2025-07-11T18:54:50","date_gmt":"2025-07-11T18:54:50","guid":{"rendered":"https:\/\/heliox-containers.com\/?post_type=product&#038;p=8469"},"modified":"2025-07-11T18:56:12","modified_gmt":"2025-07-11T18:56:12","slug":"contenedor-de-oficina-de-20-pies","status":"publish","type":"product","link":"https:\/\/heliox-containers.com\/index.php\/product\/contenedor-de-oficina-de-20-pies\/","title":{"rendered":"Contenedor de oficina de 20 pies"},"content":{"rendered":"<p style=\"font-weight: 400;\">Paredes exteriores: acero, chapa galvanizada de\u00a0<b><strong>0,55<\/strong><\/b>\u00a0mm<\/p>\n<p style=\"font-weight: 400;\">Aislamiento de paredes con lana de vidrio\u00a0<b><strong>A1 &#8211; 60mm<\/strong><\/b><\/p>\n<p style=\"font-weight: 400;\">Suelo de madera-cemento\u00a0<b><strong>de 22<\/strong><\/b>\u00a0mm, con revestimiento de\u00a0<b><strong>PVC<\/strong><\/b><\/p>\n<p style=\"font-weight: 400;\">Con\u00a0<b><strong>1\u00a0<\/strong><\/b>x ventana de<b><strong>\u00a0PVC<\/strong><\/b>\u00a0(oscilobatiente) y persiana enrollable<\/p>\n<p style=\"font-weight: 400;\">Puerta exterior de chapa galvanizada con aislamiento<\/p>\n<p style=\"font-weight: 400;\">Instalaci\u00f3n el\u00e9ctrica (seg\u00fan normas\u00a0<b><strong>CEE<\/strong><\/b>)<\/p>\n<p style=\"font-weight: 400;\"><b><strong>1<\/strong><\/b>\u00a0doble tira de ne\u00f3n con cubierta protectora<b><strong>(1x36W<\/strong><\/b>)<\/p>\n<p style=\"font-weight: 400;\">Calefactor convector el\u00e9ctrico de\u00a0<b><strong>2 Kw<\/strong><\/b><\/p>\n<p style=\"font-weight: 400;\">Posibilidad de otros aislamientos y equipamientos adicionales<\/p>\n<p style=\"font-weight: 400;\">Dimensiones exteriores (LxAxA):\u00a0<b><strong>2990 x 2990 x 2600 mm<\/strong><\/b><\/p>\n<p style=\"font-weight: 400;\">Dimensiones interiores (AnxAlxAl): 2736 x\u00a0<b><strong>2736 x 2300<\/strong><\/b>\u00a0mm<\/p>\n<p style=\"font-weight: 400;\">Tambi\u00e9n disponible con una altura exterior de\u00a0<b><strong>2820<\/strong><\/b>\u00a0mm<\/p>\n<p style=\"font-weight: 400;\">(Altura interior =\u00a0<b><strong>250<\/strong><\/b>\u00a0mm)<\/p>\n<p style=\"font-weight: 400;\">Con pintura \u00f3ptima, nuestros colores est\u00e1ndar:<\/p>\n<p style=\"font-weight: 400;\"><b><strong>Azul\u00a0<\/strong><\/b>Ral 5010<\/p>\n<p style=\"font-weight: 400;\"><b><strong>Gris claro<\/strong><\/b>\u00a0Ral 7035<\/p>\n<p style=\"font-weight: 400;\"><b><strong>Blanco gris\u00e1ceo<\/strong><\/b>\u00a0Ral 9002<\/p>\n<p style=\"font-weight: 400;\"><b><strong>Blanco<\/strong><\/b>\u00a0Ral 9010<\/p>\n<p style=\"font-weight: 400;\">\n<p style=\"font-weight: 400;\">\n<p style=\"font-weight: 400;\">\n<p style=\"font-weight: 400;\">\n","protected":false},"excerpt":{"rendered":"<p>Bastidor de acero s\u00f3lido y robusto con esquinas contenedoras<\/p>\n","protected":false},"featured_media":8685,"comment_status":"open","ping_status":"closed","template":"","meta":{"_acf_changed":false},"product_brand":[],"product_cat":[181],"product_tag":[],"class_list":{"0":"post-8469","1":"product","2":"type-product","3":"status-publish","4":"has-post-thumbnail","6":"product_cat-contenedores-oficinas","8":"first","9":"instock","10":"sale","11":"shipping-taxable","12":"purchasable","13":"product-type-simple"},"acf":[],"jetpack_sharing_enabled":true,"_links":{"self":[{"href":"https:\/\/heliox-containers.com\/index.php\/wp-json\/wp\/v2\/product\/8469","targetHints":{"allow":["GET"]}}],"collection":[{"href":"https:\/\/heliox-containers.com\/index.php\/wp-json\/wp\/v2\/product"}],"about":[{"href":"https:\/\/heliox-containers.com\/index.php\/wp-json\/wp\/v2\/types\/product"}],"replies":[{"embeddable":true,"href":"https:\/\/heliox-containers.com\/index.php\/wp-json\/wp\/v2\/comments?post=8469"}],"version-history":[{"count":1,"href":"https:\/\/heliox-containers.com\/index.php\/wp-json\/wp\/v2\/product\/8469\/revisions"}],"predecessor-version":[{"id":8686,"href":"https:\/\/heliox-containers.com\/index.php\/wp-json\/wp\/v2\/product\/8469\/revisions\/8686"}],"wp:featuredmedia":[{"embeddable":true,"href":"https:\/\/heliox-containers.com\/index.php\/wp-json\/wp\/v2\/media\/8685"}],"wp:attachment":[{"href":"https:\/\/heliox-containers.com\/index.php\/wp-json\/wp\/v2\/media?parent=8469"}],"wp:term":[{"taxonomy":"product_brand","embeddable":true,"href":"https:\/\/heliox-containers.com\/index.php\/wp-json\/wp\/v2\/product_brand?post=8469"},{"taxonomy":"product_cat","embeddable":true,"href":"https:\/\/heliox-containers.com\/index.php\/wp-json\/wp\/v2\/product_cat?post=8469"},{"taxonomy":"product_tag","embeddable":true,"href":"https:\/\/heliox-containers.com\/index.php\/wp-json\/wp\/v2\/product_tag?post=8469"}],"curies":[{"name":"wp","href":"https:\/\/api.w.org\/{rel}","templated":true}]}}