{"id":8438,"date":"2025-07-11T18:54:21","date_gmt":"2025-07-11T18:54:21","guid":{"rendered":"https:\/\/heliox-containers.com\/?post_type=product&#038;p=8438"},"modified":"2025-07-11T18:55:51","modified_gmt":"2025-07-11T18:55:51","slug":"contenedor-de-envio-modificado-en-la-oficina","status":"publish","type":"product","link":"https:\/\/heliox-containers.com\/index.php\/product\/contenedor-de-envio-modificado-en-la-oficina\/","title":{"rendered":"Contenedor de env\u00edo modificado en la oficina"},"content":{"rendered":"<h2>BENEFICIOS DE LA OFICINA DE CONTENEDORES<\/h2>\n<div class=\"ptext\">\n<ul>\n<li>Est\u00e9tica superior con electricidad empotrada y preparaci\u00f3n para un acabado de yeso sin juntas<\/li>\n<li>Persianas f\u00e1ciles de usar, protegidas en el interior del acristalamiento<\/li>\n<li>Luminoso y espacioso<\/li>\n<li>Ideal para usar como oficina en casa como oficina de negocios o como sala de pasatiempos o sala de meditaci\u00f3n<\/li>\n<li>Esta oficina de contenedores est\u00e1 acabada en RAL6007 (verde). No obstante, podemos repintar cualquier color RAL est\u00e1ndar (coste adicional).<\/li>\n<li>Si est\u00e1 interesado en personalizaciones para esta oficina de hogar\/jard\u00edn, comun\u00edquese con nuestro equipo de conversi\u00f3n de contenedores, quienes estar\u00e1n encantados de analizar sus requisitos espec\u00edficos.<\/li>\n<\/ul>\n<\/div>\n","protected":false},"excerpt":{"rendered":"<h2>DETALLES DE PRODUCTO<\/h2>\n<div class=\"ptext\">\n<p>Esta oficina de contenedores de 20 pies es una de nuestras conversiones de contenedores de env\u00edo m\u00e1s populares para la venta. Se basa en un contenedor de env\u00edo est\u00e1ndar de 20 pies x 8 pies y ha sido convertido por nuestro equipo interno de especialistas para su uso como oficina en el hogar, oficina en el jard\u00edn o sala de pasatiempos.<br \/>\nUn lado largo de un contenedor de env\u00edo est\u00e1ndar de 20 pies x 8 pies se ha quitado por completo y se ha equipado con puertas corredizas para patio de doble acristalamiento de altura completa con persianas venecianas integradas.<br \/>\nOssatures ajust\u00e9es et isol\u00e9es avec une isolation Dritherm Earthwool de 50 mm d&#8217;\u00e9paisseur aux murs et une isolation Dritherm loft de 100 mm d&#8217;\u00e9paisseur au plafond, recouvertes de plaques de pl\u00e2tre de 12,5 mm \u2013 pr\u00eates \u00e0 \u00eatre \u00e9cr\u00e9m\u00e9es ou finies selon le opcion.<br \/>\nEl\u00e9ctricamente, la unidad est\u00e1 equipada con electricidad empotrada y cableado con la alta especificaci\u00f3n esperada y l\u00edneas limpias del acabado desnatado. La especificaci\u00f3n el\u00e9ctrica incluye 3 tiras de luces LED, 4 enchufes d\u00faplex de 13 A y 2 aisladores de 32 A en la parte trasera para unidades de aire acondicionado si es necesario.<\/p>\n<\/div>\n","protected":false},"featured_media":8640,"comment_status":"open","ping_status":"closed","template":"","meta":{"_acf_changed":false},"product_brand":[],"product_cat":[181],"product_tag":[],"class_list":{"0":"post-8438","1":"product","2":"type-product","3":"status-publish","4":"has-post-thumbnail","6":"product_cat-contenedores-oficinas","8":"first","9":"instock","10":"sale","11":"shipping-taxable","12":"purchasable","13":"product-type-simple"},"acf":[],"jetpack_sharing_enabled":true,"_links":{"self":[{"href":"https:\/\/heliox-containers.com\/index.php\/wp-json\/wp\/v2\/product\/8438","targetHints":{"allow":["GET"]}}],"collection":[{"href":"https:\/\/heliox-containers.com\/index.php\/wp-json\/wp\/v2\/product"}],"about":[{"href":"https:\/\/heliox-containers.com\/index.php\/wp-json\/wp\/v2\/types\/product"}],"replies":[{"embeddable":true,"href":"https:\/\/heliox-containers.com\/index.php\/wp-json\/wp\/v2\/comments?post=8438"}],"version-history":[{"count":1,"href":"https:\/\/heliox-containers.com\/index.php\/wp-json\/wp\/v2\/product\/8438\/revisions"}],"predecessor-version":[{"id":8641,"href":"https:\/\/heliox-containers.com\/index.php\/wp-json\/wp\/v2\/product\/8438\/revisions\/8641"}],"wp:featuredmedia":[{"embeddable":true,"href":"https:\/\/heliox-containers.com\/index.php\/wp-json\/wp\/v2\/media\/8640"}],"wp:attachment":[{"href":"https:\/\/heliox-containers.com\/index.php\/wp-json\/wp\/v2\/media?parent=8438"}],"wp:term":[{"taxonomy":"product_brand","embeddable":true,"href":"https:\/\/heliox-containers.com\/index.php\/wp-json\/wp\/v2\/product_brand?post=8438"},{"taxonomy":"product_cat","embeddable":true,"href":"https:\/\/heliox-containers.com\/index.php\/wp-json\/wp\/v2\/product_cat?post=8438"},{"taxonomy":"product_tag","embeddable":true,"href":"https:\/\/heliox-containers.com\/index.php\/wp-json\/wp\/v2\/product_tag?post=8438"}],"curies":[{"name":"wp","href":"https:\/\/api.w.org\/{rel}","templated":true}]}}