{"id":8383,"date":"2025-07-11T18:54:00","date_gmt":"2025-07-11T18:54:00","guid":{"rendered":"https:\/\/heliox-containers.com\/?post_type=product&#038;p=8383"},"modified":"2025-07-11T18:55:30","modified_gmt":"2025-07-11T18:55:30","slug":"oficina-contenedor-de-construccion","status":"publish","type":"product","link":"https:\/\/heliox-containers.com\/index.php\/product\/oficina-contenedor-de-construccion\/","title":{"rendered":"Oficina contenedor de construccion"},"content":{"rendered":"<p>Opciones adicionales (coste extra):<\/p>\n<p>Tama\u00f1o &#8211; ofrecemos contenedores con una longitud de hasta 7m y una anchura de hasta 3 metros<br \/>\nFachada &#8211; chapa de casete, fachada de madera, paredes de cristal<br \/>\nColor &#8211; seg\u00fan RAL<br \/>\nVentanas de PVC o aluminio, ventanas correderas o elementos fijos acristalados<br \/>\nSuelos &#8211; PVC, moqueta, chapa, laminado, chapa serigrafiada<br \/>\nTabiques &#8211; tabiques de montantes, paneles de madera revestidos de pl\u00e1stico, paneles de pl\u00e1stico macizo<br \/>\nInstalaci\u00f3n sanitaria y de agua &#8211; inodoro, lavabo, ducha, caldera, calentador de agua, urinario de pared<br \/>\nCocina &#8211; muebles de cocina, fregadero, placa el\u00e9ctrica, frigor\u00edfico<br \/>\nPuertas &#8211; puertas de madera, puertas de aluminio, puertas cortafuegos, puertas de cristal, puertas enrollables<br \/>\nAire acondicionado &#8211; Fujitsu (calienta y enfr\u00eda)<br \/>\nEquipamiento de seguridad &#8211; rejas de ventanas \/ rejas de puertas<br \/>\nSistemas de contenedores<\/p>\n","protected":false},"excerpt":{"rendered":"<p>Construcci\u00f3n del marco &#8211; acero<br \/>\nLas paredes &#8211; chapa \/\/ lana mineral \/\/ paneles laminados<br \/>\nSistema de suelo &#8211; lin\u00f3leo<br \/>\nInstalaci\u00f3n el\u00e9ctrica &#8211; 1 entrada de corriente 380V, 32A, 5 polos; 1 fusible y caja de distribuci\u00f3n, luces de ba\u00f1era, 1 interruptor de luz, 2 enchufes dobles 230V,<br \/>\nAcristalamiento 250cm x 210cm<br \/>\nAcristalamiento 0,5mx2m<br \/>\nPuerta de balc\u00f3n 1mx2,1m<br \/>\nVentana 0.5mx1m<br \/>\n1 puerta &#8211; 200cm x 80cm<br \/>\nCalefacci\u00f3n el\u00e9ctrica<\/p>\n","protected":false},"featured_media":8579,"comment_status":"open","ping_status":"closed","template":"","meta":{"_acf_changed":false},"product_brand":[],"product_cat":[181],"product_tag":[],"class_list":{"0":"post-8383","1":"product","2":"type-product","3":"status-publish","4":"has-post-thumbnail","6":"product_cat-contenedores-oficinas","8":"first","9":"instock","10":"sale","11":"shipping-taxable","12":"purchasable","13":"product-type-simple"},"acf":[],"jetpack_sharing_enabled":true,"_links":{"self":[{"href":"https:\/\/heliox-containers.com\/index.php\/wp-json\/wp\/v2\/product\/8383","targetHints":{"allow":["GET"]}}],"collection":[{"href":"https:\/\/heliox-containers.com\/index.php\/wp-json\/wp\/v2\/product"}],"about":[{"href":"https:\/\/heliox-containers.com\/index.php\/wp-json\/wp\/v2\/types\/product"}],"replies":[{"embeddable":true,"href":"https:\/\/heliox-containers.com\/index.php\/wp-json\/wp\/v2\/comments?post=8383"}],"version-history":[{"count":1,"href":"https:\/\/heliox-containers.com\/index.php\/wp-json\/wp\/v2\/product\/8383\/revisions"}],"predecessor-version":[{"id":8580,"href":"https:\/\/heliox-containers.com\/index.php\/wp-json\/wp\/v2\/product\/8383\/revisions\/8580"}],"wp:featuredmedia":[{"embeddable":true,"href":"https:\/\/heliox-containers.com\/index.php\/wp-json\/wp\/v2\/media\/8579"}],"wp:attachment":[{"href":"https:\/\/heliox-containers.com\/index.php\/wp-json\/wp\/v2\/media?parent=8383"}],"wp:term":[{"taxonomy":"product_brand","embeddable":true,"href":"https:\/\/heliox-containers.com\/index.php\/wp-json\/wp\/v2\/product_brand?post=8383"},{"taxonomy":"product_cat","embeddable":true,"href":"https:\/\/heliox-containers.com\/index.php\/wp-json\/wp\/v2\/product_cat?post=8383"},{"taxonomy":"product_tag","embeddable":true,"href":"https:\/\/heliox-containers.com\/index.php\/wp-json\/wp\/v2\/product_tag?post=8383"}],"curies":[{"name":"wp","href":"https:\/\/api.w.org\/{rel}","templated":true}]}}