{"id":8382,"date":"2025-07-11T18:54:00","date_gmt":"2025-07-11T18:54:00","guid":{"rendered":"https:\/\/heliox-containers.com\/?post_type=product&#038;p=8382"},"modified":"2025-07-11T18:55:28","modified_gmt":"2025-07-11T18:55:28","slug":"contenedor-oficina-portatil-20-pies","status":"publish","type":"product","link":"https:\/\/heliox-containers.com\/index.php\/product\/contenedor-oficina-portatil-20-pies\/","title":{"rendered":"Contenedor Oficina port\u00e1til 20 pies"},"content":{"rendered":"<p>&#8216;- Paredes hechas de paneles s\u00e1ndwich con un n\u00facleo de espuma de poliestireno con un espesor de 100 mm.<\/p>\n<p>&#8211; Coeficiente de transferencia de calor 0,38W \/ m2K. La espuma de poliestireno no propaga el fuego con la clase de resistencia al fuego E60:<\/p>\n<p>&#8211; El techo est\u00e1 hecho de paneles s\u00e1ndwich con n\u00facleo 100% de espuma de poliestireno con un espesor de 100mm.<\/p>\n<p>Permeabilidad t\u00e9rmica de 0,38W \/ m2K. La espuma de poliestireno no propaga el fuego con la clase de resistencia al fuego E60.<\/p>\n<p>&#8211; El suelo est\u00e1 hecho de paneles s\u00e1ndwich con un n\u00facleo 100% de espuma de poliestireno con un espesor de 100 mm. Permeabilidad t\u00e9rmica de 0,38W \/m2K.<\/p>\n<p>La espuma de poliestireno no propaga el fuego con la clase de resistencia al fuego E60 + OSB 15mm + cubierta de PVC tama\u00f1o industrial 2.2mm<\/p>\n<p>&#8211; Puerta exterior de aluminio 90cm x 210cm: 1pcs.<\/p>\n<p>&#8211; Ventanas de aluminio: Doble acristalamiento: 200 x 100: 4 uds,<\/p>\n<p>&#8211; Instalaci\u00f3n el\u00e9ctrica: raster LED luz 2pcs, doble socket x 5pcs, caja de fusibles con fusible RCD, distribuci\u00f3n de la instalaci\u00f3n, plug32A,<\/p>\n<p>calefactor el\u00e9ctrico de pared<\/p>\n<p>&#8211; Tres tri\u00e1ngulos decorativos y cabecera publicitaria en los cuatro lados<\/p>\n<p>&#8211; Persiana enrollable el\u00e9ctrica sobre la puerta y las ventanas con mando a distancia<\/p>\n<p>&#8211; Marco de estructura de acero 100 x 100 x 3mm y ganchos para elevaci\u00f3n<\/p>\n<p>&#8211; Rejillas de ventilaci\u00f3n<\/p>\n","protected":false},"excerpt":{"rendered":"<p>Oficina port\u00e1til con unas dimensiones exteriores de 600 cm x 300 cm, altura en el centro de 260 con un desnivel de 240 cm.<\/p>\n","protected":false},"featured_media":8572,"comment_status":"open","ping_status":"closed","template":"","meta":{"_acf_changed":false},"product_brand":[],"product_cat":[181],"product_tag":[],"class_list":{"0":"post-8382","1":"product","2":"type-product","3":"status-publish","4":"has-post-thumbnail","6":"product_cat-contenedores-oficinas","8":"first","9":"instock","10":"sale","11":"shipping-taxable","12":"purchasable","13":"product-type-simple"},"acf":[],"jetpack_sharing_enabled":true,"_links":{"self":[{"href":"https:\/\/heliox-containers.com\/index.php\/wp-json\/wp\/v2\/product\/8382","targetHints":{"allow":["GET"]}}],"collection":[{"href":"https:\/\/heliox-containers.com\/index.php\/wp-json\/wp\/v2\/product"}],"about":[{"href":"https:\/\/heliox-containers.com\/index.php\/wp-json\/wp\/v2\/types\/product"}],"replies":[{"embeddable":true,"href":"https:\/\/heliox-containers.com\/index.php\/wp-json\/wp\/v2\/comments?post=8382"}],"version-history":[{"count":1,"href":"https:\/\/heliox-containers.com\/index.php\/wp-json\/wp\/v2\/product\/8382\/revisions"}],"predecessor-version":[{"id":8573,"href":"https:\/\/heliox-containers.com\/index.php\/wp-json\/wp\/v2\/product\/8382\/revisions\/8573"}],"wp:featuredmedia":[{"embeddable":true,"href":"https:\/\/heliox-containers.com\/index.php\/wp-json\/wp\/v2\/media\/8572"}],"wp:attachment":[{"href":"https:\/\/heliox-containers.com\/index.php\/wp-json\/wp\/v2\/media?parent=8382"}],"wp:term":[{"taxonomy":"product_brand","embeddable":true,"href":"https:\/\/heliox-containers.com\/index.php\/wp-json\/wp\/v2\/product_brand?post=8382"},{"taxonomy":"product_cat","embeddable":true,"href":"https:\/\/heliox-containers.com\/index.php\/wp-json\/wp\/v2\/product_cat?post=8382"},{"taxonomy":"product_tag","embeddable":true,"href":"https:\/\/heliox-containers.com\/index.php\/wp-json\/wp\/v2\/product_tag?post=8382"}],"curies":[{"name":"wp","href":"https:\/\/api.w.org\/{rel}","templated":true}]}}