{"id":8311,"date":"2025-07-11T18:53:09","date_gmt":"2025-07-11T18:53:09","guid":{"rendered":"https:\/\/heliox-containers.com\/?post_type=product&#038;p=8311"},"modified":"2025-07-11T18:55:02","modified_gmt":"2025-07-11T18:55:02","slug":"contenedor-piscina-40-pies-jet-de-natacion","status":"publish","type":"product","link":"https:\/\/heliox-containers.com\/index.php\/product\/contenedor-piscina-40-pies-jet-de-natacion\/","title":{"rendered":"CONTENEDOR PISCINA 40 PIES JET DE NATACI\u00d3N"},"content":{"rendered":"<div class=\"PqdTxj QfrfFD cell\">\n<section class=\"Va_ZoC\" data-hook=\"description-wrapper\">\n<div class=\"LvOu6J\">\n<div class=\"vaI0UH\" data-hook=\"content-wrapper\">\n<p>Ofrecemos a la venta nuestras piscinas de contenedores de 40 Pies a medida. Estas piscinas de contenedores est\u00e1n totalmente aisladas y se ofrecen con dos opciones de calefacci\u00f3n. Incluyendo una bomba de calor de aire o un radiador el\u00e9ctrico de 6 KW. Al estar aislados, son t\u00e9rmicamente eficientes.<\/p>\n<p>&nbsp;<\/p>\n<p>Estos contenedores est\u00e1n dise\u00f1ados para ser muy f\u00e1ciles de instalar y pueden instalarse en la superficie o incluso parcialmente enterrados. Tambi\u00e9n es muy f\u00e1cil a\u00f1adir una terraza alrededor del contenedor en funci\u00f3n de su entorno.<\/p>\n<\/div>\n<\/div>\n<\/section>\n<\/div>\n<div class=\"QfrfFD cell\">\n<div id=\"TPAMultiSection_lth815b4.product-page-details-4\" class=\"\" data-hook=\"slot-placeholder-TPAMultiSection_lth815b4.product-page-details-4\"><\/div>\n<\/div>\n<div class=\"QfrfFD cell\">\n<div id=\"TPAMultiSection_lth815b4.product-page-details-8\" class=\"\" data-hook=\"slot-placeholder-TPAMultiSection_lth815b4.product-page-details-8\"><\/div>\n<\/div>\n<div class=\"BE9tiz QfrfFD cell\">\n<div dir=\"ltr\">\n<h2 class=\"s__12_B0z oEPIfiH---typography-11-runningText oEPIfiH---priority-7-primary oEPIfiH--mobile _HOcyB x4nptw sxbtulv\" data-mobile=\"true\" data-hook=\"info-section-title\" aria-hidden=\"false\">INFORMACI\u00d3N ADICIONAL<\/h2>\n<div class=\"rah-static rah-static--height-auto\" aria-hidden=\"false\">\n<div>\n<div class=\"ulKuLk QfrfFD cell\">\n<div class=\"zp8uy2\" data-hook=\"info-section-description\">\n<p>\u00b7 Contenedor de un solo uso de 20 pies<\/p>\n<p>\u00b7 Acabado gris antracita (otros colores disponibles como opci\u00f3n)<\/p>\n<p>\u00b7 Terraza compuesta gris<\/p>\n<p>\u00b7 Local t\u00e9cnico integrado con puerta doble.<\/p>\n<p>\u00b7 Luz de piscina RGB<\/p>\n<p>\u00b7 Local t\u00e9cnico construido<\/p>\n<p>Pre-cableado y plomo listo para una conexi\u00f3n el\u00e9ctrica<\/p>\n<p>\u00b7 Contador inteligente para controlar el consumo el\u00e9ctrico<\/p>\n<p>\u00b7 Revestimiento totalmente con motivos de su elecci\u00f3n<\/p>\n<p>\u00b7 Instalaci\u00f3n f\u00e1cil y r\u00e1pida Posibilidades<\/p>\n<p>\u00b7 Escaleras de acero inoxidable<\/p>\n<p>\u00b7 Escalones integrados con antideslizante<\/p>\n<p>\u00b7 Borde de asientos en la piscina<\/p>\n<p>\u00b7 Nadador a contracorriente con una fuerza de 75 metros c\u00fabicos por hora<\/p>\n<p>\u00b7 Calefacci\u00f3n el\u00e9ctrica 6 kW<\/p>\n<p>\u00b7 Bomba de calor de aire temporada 9 meses<\/p>\n<\/div>\n<\/div>\n<\/div>\n<\/div>\n<h2 class=\"s__12_B0z oEPIfiH---typography-11-runningText oEPIfiH---priority-7-primary oEPIfiH--mobile _HOcyB x4nptw sxbtulv\" data-mobile=\"true\" data-hook=\"info-section-title\" aria-hidden=\"false\">INSTALACI\u00d3N<\/h2>\n<div class=\"rah-static rah-static--height-auto\" aria-hidden=\"false\">\n<div>\n<div class=\"ulKuLk QfrfFD cell\">\n<div class=\"zp8uy2\" data-hook=\"info-section-description\">\n<p>Las piscinas deben instalarse idealmente sobre una base de hormig\u00f3n de 150 mm de profundidad y 6,1 mx 2,5 m. Sin embargo, pueden instalarse con dos losas de hormig\u00f3n de 200 mm de profundidad de 1 mx 2,5 m siempre que la longitud total sea de 6,1 m. Al instalar el hormig\u00f3n, se debe tener en cuenta el acceso para la entrega del contenedor. Si un cami\u00f3n no puede acceder al sitio, la piscina deber\u00e1 instalarse en el sitio mediante una gr\u00faa o utilizando otra forma de asistencia mec\u00e1nica. Tenga en cuenta tambi\u00e9n que el grupo de contenedores no tiene marchas externas.<\/p>\n<p>Una vez que la piscina est\u00e9 en su lugar, deber\u00e1 llenarse de agua y un electricista deber\u00e1 conectarla al panel de fusibles del contenedor. Dependiendo de las opciones, se necesitar\u00e1 una fuente de alimentaci\u00f3n capaz de 13 kW.<\/p>\n<p><strong>Dimensiones de la piscina<\/strong><\/p>\n<p>Zona de ba\u00f1o<\/p>\n<p>LONGITUD &#8211; 11 m<br \/>\nANCHO &#8211; 2,3 m<br \/>\nPROFUNDIDAD &#8211; 1,4 m<\/p>\n<p><strong>Dimensiones exteriores<\/strong><\/p>\n<p>DURACI\u00d3N &#8211; 12,1 m<br \/>\nANCHURA &#8211; 2,55 m ALTURA<br \/>\n1620 (mitad inferior)<br \/>\n1500 (mitad superior)<br \/>\nPeso (en vac\u00edo): 3500 kg<br \/>\nPeso bruto: 38 500 kg<br \/>\nVolumen: 22.000 litros<\/p>\n<\/div>\n<\/div>\n<\/div>\n<\/div>\n<\/div>\n<\/div>\n","protected":false},"excerpt":{"rendered":"<div class=\"modal-product-brief\">\n<p>Ofrecemos a la venta nuestras piscinas de contenedores de 40 Pies a medida. Estas piscinas de contenedores est\u00e1n totalmente aisladas y se ofrecen con dos opciones de calefacci\u00f3n. Incluyendo una bomba de calor de aire&#8230;<\/p>\n<\/div>\n","protected":false},"featured_media":8494,"comment_status":"open","ping_status":"closed","template":"","meta":{"_acf_changed":false},"product_brand":[],"product_cat":[218],"product_tag":[],"class_list":{"0":"post-8311","1":"product","2":"type-product","3":"status-publish","4":"has-post-thumbnail","6":"product_cat-contenedores-piscina","8":"first","9":"instock","10":"sale","11":"shipping-taxable","12":"purchasable","13":"product-type-simple"},"acf":[],"jetpack_sharing_enabled":true,"_links":{"self":[{"href":"https:\/\/heliox-containers.com\/index.php\/wp-json\/wp\/v2\/product\/8311","targetHints":{"allow":["GET"]}}],"collection":[{"href":"https:\/\/heliox-containers.com\/index.php\/wp-json\/wp\/v2\/product"}],"about":[{"href":"https:\/\/heliox-containers.com\/index.php\/wp-json\/wp\/v2\/types\/product"}],"replies":[{"embeddable":true,"href":"https:\/\/heliox-containers.com\/index.php\/wp-json\/wp\/v2\/comments?post=8311"}],"version-history":[{"count":1,"href":"https:\/\/heliox-containers.com\/index.php\/wp-json\/wp\/v2\/product\/8311\/revisions"}],"predecessor-version":[{"id":8495,"href":"https:\/\/heliox-containers.com\/index.php\/wp-json\/wp\/v2\/product\/8311\/revisions\/8495"}],"wp:featuredmedia":[{"embeddable":true,"href":"https:\/\/heliox-containers.com\/index.php\/wp-json\/wp\/v2\/media\/8494"}],"wp:attachment":[{"href":"https:\/\/heliox-containers.com\/index.php\/wp-json\/wp\/v2\/media?parent=8311"}],"wp:term":[{"taxonomy":"product_brand","embeddable":true,"href":"https:\/\/heliox-containers.com\/index.php\/wp-json\/wp\/v2\/product_brand?post=8311"},{"taxonomy":"product_cat","embeddable":true,"href":"https:\/\/heliox-containers.com\/index.php\/wp-json\/wp\/v2\/product_cat?post=8311"},{"taxonomy":"product_tag","embeddable":true,"href":"https:\/\/heliox-containers.com\/index.php\/wp-json\/wp\/v2\/product_tag?post=8311"}],"curies":[{"name":"wp","href":"https:\/\/api.w.org\/{rel}","templated":true}]}}