{"id":8310,"date":"2025-07-11T18:53:09","date_gmt":"2025-07-11T18:53:09","guid":{"rendered":"https:\/\/heliox-containers.com\/?post_type=product&#038;p=8310"},"modified":"2025-07-11T18:54:58","modified_gmt":"2025-07-11T18:54:58","slug":"contenedor-piscina-20-pies-semi-enterrada","status":"publish","type":"product","link":"https:\/\/heliox-containers.com\/index.php\/product\/contenedor-piscina-20-pies-semi-enterrada\/","title":{"rendered":"CONTENEDOR PISCINA 20 PIES SEMI-ENTERRADA"},"content":{"rendered":"<p>Contenedor piscina 20 Pies Fuera del suelo, Semi-enterrado y enterrado funcional y r\u00e1pido de instalar sin autorizaci\u00f3n No es necesario un permiso de construcci\u00f3n para todas nuestras piscinas sobre el suelo, \u00a1la piscina de contenedores es accesible para todos!<\/p>\n<div class=\"PqdTxj QfrfFD cell\">\n<section class=\"Va_ZoC\" data-hook=\"description-wrapper\">\n<div class=\"LvOu6J\">\n<div class=\"vaI0UH\" data-hook=\"content-wrapper\">\n<p><strong>Estructura<\/strong><\/p>\n<p>Acero CORTEN\u00ae &#8211; Acero ultra-resistente<br \/>\nColor RAL Blanco<\/p>\n<p><strong>Dimensiones*<\/strong><br \/>\nExteriores: 6,05 x 2,44 m<br \/>\nCuenca:\u00a0<strong>4,30 x 2,30 m<\/strong><br \/>\nProfundidad &#8211; l\u00ednea de agua 1,15 m<\/p>\n<p><strong>Opciones<\/strong><br \/>\nPintura a elecci\u00f3n seg\u00fan RAL<\/p>\n<\/div>\n<\/div>\n<\/section>\n<\/div>\n<div class=\"BE9tiz QfrfFD cell\">\n<div dir=\"ltr\">\n<h2 class=\"s__12_B0z oEPIfiH---typography-11-runningText oEPIfiH---priority-7-primary oEPIfiH--mobile _HOcyB x4nptw sxbtulv\" data-mobile=\"true\" data-hook=\"info-section-title\" aria-hidden=\"false\">INFORMACI\u00d3N ADICIONAL<\/h2>\n<div class=\"rah-static rah-static--height-auto\" aria-hidden=\"false\">\n<div>\n<div class=\"ulKuLk QfrfFD cell\">\n<div class=\"zp8uy2\" data-hook=\"info-section-description\">\n<p>Maquinaria instalada y probada en el taller, incluye:<\/p>\n<ul>\n<li>SkimFiltre, filtro de cartucho Ecol\u00f3gico, f\u00e1cil de mantener y barato<\/li>\n<li>Bomba de filtraci\u00f3n<\/li>\n<li>Boquilla de reenvol<\/li>\n<li>Cuadro el\u00e9ctrico<\/li>\n<\/ul>\n<p><strong>Equipamiento incluido<\/strong><\/p>\n<p><strong>Playa y m\u00e1rgenes<\/strong>: pino clase IV<br \/>\n<strong>Escalera Inox\u00a0<\/strong>3 escalones de acceso cuenca interior (no compatible con un electrolizador)<br \/>\nUbicaci\u00f3n escala: lado izquierdo\/ancho\/maquinaria<\/p>\n<p><strong>Opciones<\/strong><br \/>\nElectrolizador de sal<\/p>\n<p><strong>Revestimiento<\/strong><\/p>\n<p>Fieltro y Liner 75\/100<\/p>\n<p><strong>Acabados exteriores<\/strong><br \/>\nPintura Epoxi contenedor RAL blanco<\/p>\n<p><strong>Posibles poses<\/strong><\/p>\n<p><strong>Fuera del suelo,\u00a0<\/strong>tiene acceso a la maquinaria a trav\u00e9s de las puertas del contenedor.<\/p>\n<p><strong>Semi-enterrada y enterrada<\/strong>, el acceso ser\u00e1 a trav\u00e9s de una escotilla que tambi\u00e9n ser\u00e1 la parte de la playa de su piscina.<\/p>\n<\/div>\n<\/div>\n<\/div>\n<\/div>\n<\/div>\n<\/div>\n","protected":false},"excerpt":{"rendered":"<div class=\"modal-product-brief\">\n<p>Contenedor piscina 20 Pies Fuera del suelo, Semi-enterrado y enterrado funcional y r\u00e1pido de instalar sin autorizaci\u00f3n No es necesario un permiso de construcci\u00f3n para todas nuestras piscinas sobre el suelo, la piscina de contenedores&#8230;<\/p>\n<\/div>\n","protected":false},"featured_media":8489,"comment_status":"open","ping_status":"closed","template":"","meta":{"_acf_changed":false},"product_brand":[],"product_cat":[218],"product_tag":[],"class_list":{"0":"post-8310","1":"product","2":"type-product","3":"status-publish","4":"has-post-thumbnail","6":"product_cat-contenedores-piscina","8":"first","9":"instock","10":"sale","11":"shipping-taxable","12":"purchasable","13":"product-type-simple"},"acf":[],"jetpack_sharing_enabled":true,"_links":{"self":[{"href":"https:\/\/heliox-containers.com\/index.php\/wp-json\/wp\/v2\/product\/8310","targetHints":{"allow":["GET"]}}],"collection":[{"href":"https:\/\/heliox-containers.com\/index.php\/wp-json\/wp\/v2\/product"}],"about":[{"href":"https:\/\/heliox-containers.com\/index.php\/wp-json\/wp\/v2\/types\/product"}],"replies":[{"embeddable":true,"href":"https:\/\/heliox-containers.com\/index.php\/wp-json\/wp\/v2\/comments?post=8310"}],"version-history":[{"count":1,"href":"https:\/\/heliox-containers.com\/index.php\/wp-json\/wp\/v2\/product\/8310\/revisions"}],"predecessor-version":[{"id":8490,"href":"https:\/\/heliox-containers.com\/index.php\/wp-json\/wp\/v2\/product\/8310\/revisions\/8490"}],"wp:featuredmedia":[{"embeddable":true,"href":"https:\/\/heliox-containers.com\/index.php\/wp-json\/wp\/v2\/media\/8489"}],"wp:attachment":[{"href":"https:\/\/heliox-containers.com\/index.php\/wp-json\/wp\/v2\/media?parent=8310"}],"wp:term":[{"taxonomy":"product_brand","embeddable":true,"href":"https:\/\/heliox-containers.com\/index.php\/wp-json\/wp\/v2\/product_brand?post=8310"},{"taxonomy":"product_cat","embeddable":true,"href":"https:\/\/heliox-containers.com\/index.php\/wp-json\/wp\/v2\/product_cat?post=8310"},{"taxonomy":"product_tag","embeddable":true,"href":"https:\/\/heliox-containers.com\/index.php\/wp-json\/wp\/v2\/product_tag?post=8310"}],"curies":[{"name":"wp","href":"https:\/\/api.w.org\/{rel}","templated":true}]}}