{"id":8270,"date":"2025-07-11T18:52:35","date_gmt":"2025-07-11T18:52:35","guid":{"rendered":"https:\/\/heliox-containers.com\/?post_type=product&#038;p=8270"},"modified":"2025-07-11T18:54:54","modified_gmt":"2025-07-11T18:54:54","slug":"contenedor-maritimo-de-40-pies-open-top-nuevo","status":"publish","type":"product","link":"https:\/\/heliox-containers.com\/index.php\/product\/contenedor-maritimo-de-40-pies-open-top-nuevo\/","title":{"rendered":"CONTENEDOR MARITIMO DE 40 PIES OPEN TOP &#8211; NUEVO"},"content":{"rendered":"<p>ONTENEDOR MARITIMO DE 40&#8242; OPEN TOP &#8211; NUEVO<\/p>\n<p>El contenedor mar\u00edtimo Open Top ofrece una abertura adicional en el techo, cerrada por una lona de poli\u00e9ster o una lona. En el formato de 40 pies, tiene las mismas dimensiones externas e interiores que un contenedor est\u00e1ndar de 40 pies, pero ofrece una amplia abertura en el techo, de 11,8 metros de largo y 2,2 metros de ancho. Cuando est\u00e1 cerrado, el volumen del contenedor de 40 pies sin techo es de 65,4 m3, ligeramente inferior al del contenedor de 40 pies gracias a la estructura reforzada de la parte superior.<\/p>\n<p>El uso de un cierre de poli\u00e9ster flexible como techo permite asominarse.<\/p>\n<p>Esto significa que el tama\u00f1o del techo flexible del contenedor puede adaptarse a dicha proyecci\u00f3n y bloquearse con cables. El techo de chapa, o Hard Top, del contenedor Open Top est\u00e1 fijado con pernos accesibles desde el exterior.<\/p>\n<p>Todos los contenedores Open Top de 40 pies est\u00e1n disponibles en nuestros almacenes y, despu\u00e9s de nuestra inspecci\u00f3n, son herm\u00e9ticos y aptos para el transporte con la garant\u00eda CSC.<\/p>\n<p>&nbsp;<\/p>\n<p>&nbsp;<\/p>\n","protected":false},"excerpt":{"rendered":"<p>CONTENEDOR MARITIMO DE 40&#8242; OPEN TOP &#8211; NUEVO El contenedor mar\u00edtimo Open Top ofrece una abertura adicional en el techo, cerrada por una lona de poli\u00e9ster o una lona. En el formato de 40 pies,&#8230;<\/p>\n","protected":false},"featured_media":8477,"comment_status":"open","ping_status":"closed","template":"","meta":{"_acf_changed":false},"product_brand":[],"product_cat":[178],"product_tag":[],"class_list":{"0":"post-8270","1":"product","2":"type-product","3":"status-publish","4":"has-post-thumbnail","6":"product_cat-contenedores-40-pies","8":"first","9":"instock","10":"sale","11":"shipping-taxable","12":"purchasable","13":"product-type-simple"},"acf":[],"jetpack_sharing_enabled":true,"_links":{"self":[{"href":"https:\/\/heliox-containers.com\/index.php\/wp-json\/wp\/v2\/product\/8270","targetHints":{"allow":["GET"]}}],"collection":[{"href":"https:\/\/heliox-containers.com\/index.php\/wp-json\/wp\/v2\/product"}],"about":[{"href":"https:\/\/heliox-containers.com\/index.php\/wp-json\/wp\/v2\/types\/product"}],"replies":[{"embeddable":true,"href":"https:\/\/heliox-containers.com\/index.php\/wp-json\/wp\/v2\/comments?post=8270"}],"version-history":[{"count":1,"href":"https:\/\/heliox-containers.com\/index.php\/wp-json\/wp\/v2\/product\/8270\/revisions"}],"predecessor-version":[{"id":8478,"href":"https:\/\/heliox-containers.com\/index.php\/wp-json\/wp\/v2\/product\/8270\/revisions\/8478"}],"wp:featuredmedia":[{"embeddable":true,"href":"https:\/\/heliox-containers.com\/index.php\/wp-json\/wp\/v2\/media\/8477"}],"wp:attachment":[{"href":"https:\/\/heliox-containers.com\/index.php\/wp-json\/wp\/v2\/media?parent=8270"}],"wp:term":[{"taxonomy":"product_brand","embeddable":true,"href":"https:\/\/heliox-containers.com\/index.php\/wp-json\/wp\/v2\/product_brand?post=8270"},{"taxonomy":"product_cat","embeddable":true,"href":"https:\/\/heliox-containers.com\/index.php\/wp-json\/wp\/v2\/product_cat?post=8270"},{"taxonomy":"product_tag","embeddable":true,"href":"https:\/\/heliox-containers.com\/index.php\/wp-json\/wp\/v2\/product_tag?post=8270"}],"curies":[{"name":"wp","href":"https:\/\/api.w.org\/{rel}","templated":true}]}}