{"id":8268,"date":"2025-07-11T18:52:34","date_gmt":"2025-07-11T18:52:34","guid":{"rendered":"https:\/\/heliox-containers.com\/?post_type=product&#038;p=8268"},"modified":"2025-07-11T18:54:47","modified_gmt":"2025-07-11T18:54:47","slug":"contenedor-oficina-20-pies-2","status":"publish","type":"product","link":"https:\/\/heliox-containers.com\/index.php\/product\/contenedor-oficina-20-pies-2\/","title":{"rendered":"CONTENEDOR OFICINA 20 PIES"},"content":{"rendered":"<p>Nombre del producto: Casa contenedor oficina con ba\u00f1o<\/p>\n<p>Tama\u00f1o: Est\u00e1ndar 6055 mm x 2438 mm x 2896 mm (L<span class=\"Y2IQFc\" lang=\"es\">argo x Ancho x Alto<\/span>) (se puede personalizar)<\/p>\n<p>Material principal: Placa de acero de color Q235B, Panel s\u00e1ndwich de acero de color<\/p>\n<p>Panel de pared: Panel s\u00e1ndwich de lana de roca de 75 espesores<br \/>\nSuelo: Tablero ign\u00edfugo MGO, 18 mm\/personalizado<br \/>\nVentana: Ventana integrada antirrobo de aleaci\u00f3n de aluminio<br \/>\nResistencia: A1 protecci\u00f3n contra incendios; Soporta tifones de 10 grados; Soporta terremotos de 7 grados<\/p>\n<p>Ventajas del producto: Per\u00edodo de construcci\u00f3n corto, montaje r\u00e1pido, dise\u00f1o flexible y amplia gama de aplicaciones.<\/p>\n","protected":false},"excerpt":{"rendered":"<p>Nombre del producto: Casa contenedor oficina con ba\u00f1o<\/p>\n<p>Tama\u00f1o: Est\u00e1ndar 6055 mm x 2438 mm x 2896 mm (L<span class=\"Y2IQFc\" lang=\"es\">argo x Ancho x Alto<\/span>) (se puede personalizar)<\/p>\n<p>Material principal: Placa de acero de color Q235B, Panel s\u00e1ndwich de acero de color<\/p>\n<p>Panel de pared: Panel s\u00e1ndwich de lana de roca de 75 espesores<br \/>\nSuelo: Tablero ign\u00edfugo MGO, 18 mm\/personalizado<br \/>\nVentana: Ventana integrada antirrobo de aleaci\u00f3n de aluminio<br \/>\nResistencia: A1 protecci\u00f3n contra incendios; Soporta tifones de 10 grados; Soporta terremotos de 7 grados<\/p>\n<p>Ventajas del producto: Per\u00edodo de construcci\u00f3n corto, montaje r\u00e1pido, dise\u00f1o flexible y amplia gama de aplicaciones.<\/p>\n","protected":false},"featured_media":8460,"comment_status":"open","ping_status":"closed","template":"","meta":{"_acf_changed":false},"product_brand":[],"product_cat":[181],"product_tag":[],"class_list":{"0":"post-8268","1":"product","2":"type-product","3":"status-publish","4":"has-post-thumbnail","6":"product_cat-contenedores-oficinas","8":"first","9":"instock","10":"sale","11":"shipping-taxable","12":"purchasable","13":"product-type-simple"},"acf":[],"jetpack_sharing_enabled":true,"_links":{"self":[{"href":"https:\/\/heliox-containers.com\/index.php\/wp-json\/wp\/v2\/product\/8268","targetHints":{"allow":["GET"]}}],"collection":[{"href":"https:\/\/heliox-containers.com\/index.php\/wp-json\/wp\/v2\/product"}],"about":[{"href":"https:\/\/heliox-containers.com\/index.php\/wp-json\/wp\/v2\/types\/product"}],"replies":[{"embeddable":true,"href":"https:\/\/heliox-containers.com\/index.php\/wp-json\/wp\/v2\/comments?post=8268"}],"version-history":[{"count":1,"href":"https:\/\/heliox-containers.com\/index.php\/wp-json\/wp\/v2\/product\/8268\/revisions"}],"predecessor-version":[{"id":8461,"href":"https:\/\/heliox-containers.com\/index.php\/wp-json\/wp\/v2\/product\/8268\/revisions\/8461"}],"wp:featuredmedia":[{"embeddable":true,"href":"https:\/\/heliox-containers.com\/index.php\/wp-json\/wp\/v2\/media\/8460"}],"wp:attachment":[{"href":"https:\/\/heliox-containers.com\/index.php\/wp-json\/wp\/v2\/media?parent=8268"}],"wp:term":[{"taxonomy":"product_brand","embeddable":true,"href":"https:\/\/heliox-containers.com\/index.php\/wp-json\/wp\/v2\/product_brand?post=8268"},{"taxonomy":"product_cat","embeddable":true,"href":"https:\/\/heliox-containers.com\/index.php\/wp-json\/wp\/v2\/product_cat?post=8268"},{"taxonomy":"product_tag","embeddable":true,"href":"https:\/\/heliox-containers.com\/index.php\/wp-json\/wp\/v2\/product_tag?post=8268"}],"curies":[{"name":"wp","href":"https:\/\/api.w.org\/{rel}","templated":true}]}}