{"id":8266,"date":"2025-07-11T18:52:34","date_gmt":"2025-07-11T18:52:34","guid":{"rendered":"https:\/\/heliox-containers.com\/?post_type=product&#038;p=8266"},"modified":"2025-07-11T18:54:37","modified_gmt":"2025-07-11T18:54:37","slug":"container-con-abertura-lateral-40pies-hc-open-side-con-2-puertas","status":"publish","type":"product","link":"https:\/\/heliox-containers.com\/index.php\/product\/container-con-abertura-lateral-40pies-hc-open-side-con-2-puertas\/","title":{"rendered":"Container con abertura lateral 40pies  HC Open Side con 2 puertas"},"content":{"rendered":"<p>Contenedor mar\u00edtimo de cubo alto de 40 pies Dimensiones:<br \/>\nEn QBOX Containers puede comprar un contenedor abierto de 40 pies con las siguientes dimensiones:<\/p>\n<p>Peso bruto m\u00e1ximo 28.000 kgs ( 61.729 lbs )<br \/>\nPeso de tara 3.660 kgs ( 8.068 lbs )<br \/>\nCapacidad de carga 24.340 kgs ( 53.660 lbs )<br \/>\nSuperficie: 28.33m2 ( 305sqft )<br \/>\nVolumen: 74,8 m\u00b3 ( 2.641 pies\u00b3 )<br \/>\nAcceso lateral 11.8m x 2.3m ( 38\u2032 9\u2033 x 7\u2032 7\u2033 )<br \/>\nEstructura Puertas, laterales y techo de acero. Suelo de madera<br \/>\nDise\u00f1ado, fabricado y certificado Certificado ISO<\/p>\n<p>&nbsp;<\/p>\n<h4>Exterior<\/h4>\n<table>\n<tbody>\n<tr>\n<td>Longitud:<\/td>\n<td>12m(40\u2032)<\/td>\n<\/tr>\n<tr>\n<td>Anchura:<\/td>\n<td>2.43m(8\u2032)<\/td>\n<\/tr>\n<tr>\n<td>Altura:<\/td>\n<td>2.9m(9\u20196\u2033)<\/td>\n<\/tr>\n<\/tbody>\n<\/table>\n<h4>Interno<\/h4>\n<table>\n<tbody>\n<tr>\n<td>Longitud:<\/td>\n<td>11.8m(39\u20194\u2033)<\/td>\n<\/tr>\n<tr>\n<td>Anchura:<\/td>\n<td>2.35m(7\u20198\u2033)<\/td>\n<\/tr>\n<tr>\n<td>Altura:<\/td>\n<td>2.7m(8\u201910\u2033)<\/td>\n<\/tr>\n<\/tbody>\n<\/table>\n","protected":false},"excerpt":{"rendered":"<p>En QBOX Containers, puede encontrar contenedores nuevos y usados de 40 pies con apertura lateral en venta. Estos contenedores c\u00fabicos altos tienen puertas de persiana laterales para facilitar la carga y descarga. La carga puede clasificarse f\u00e1cilmente en este tipo de contenedor.<\/p>\n<p>Container con abertura lateral 40pies HC Open Side con 2 puertas<br \/>\n\u00bfCu\u00e1les son las ventajas del transporte mar\u00edtimo de mercanc\u00edas?<\/p>\n<p>*Perfecto para el transporte intermodal.<br \/>\n*La apertura lateral permite cargar en pedidos.<br \/>\n*Puede dividirse para separar art\u00edculos diversos.<br \/>\n*Su altura extra y su lado abierto facilitan su remodelaci\u00f3n.<\/p>\n","protected":false},"featured_media":8444,"comment_status":"open","ping_status":"closed","template":"","meta":{"_acf_changed":false},"product_brand":[],"product_cat":[178],"product_tag":[],"class_list":{"0":"post-8266","1":"product","2":"type-product","3":"status-publish","4":"has-post-thumbnail","6":"product_cat-contenedores-40-pies","8":"first","9":"instock","10":"sale","11":"shipping-taxable","12":"purchasable","13":"product-type-simple"},"acf":[],"jetpack_sharing_enabled":true,"_links":{"self":[{"href":"https:\/\/heliox-containers.com\/index.php\/wp-json\/wp\/v2\/product\/8266","targetHints":{"allow":["GET"]}}],"collection":[{"href":"https:\/\/heliox-containers.com\/index.php\/wp-json\/wp\/v2\/product"}],"about":[{"href":"https:\/\/heliox-containers.com\/index.php\/wp-json\/wp\/v2\/types\/product"}],"replies":[{"embeddable":true,"href":"https:\/\/heliox-containers.com\/index.php\/wp-json\/wp\/v2\/comments?post=8266"}],"version-history":[{"count":1,"href":"https:\/\/heliox-containers.com\/index.php\/wp-json\/wp\/v2\/product\/8266\/revisions"}],"predecessor-version":[{"id":8445,"href":"https:\/\/heliox-containers.com\/index.php\/wp-json\/wp\/v2\/product\/8266\/revisions\/8445"}],"wp:featuredmedia":[{"embeddable":true,"href":"https:\/\/heliox-containers.com\/index.php\/wp-json\/wp\/v2\/media\/8444"}],"wp:attachment":[{"href":"https:\/\/heliox-containers.com\/index.php\/wp-json\/wp\/v2\/media?parent=8266"}],"wp:term":[{"taxonomy":"product_brand","embeddable":true,"href":"https:\/\/heliox-containers.com\/index.php\/wp-json\/wp\/v2\/product_brand?post=8266"},{"taxonomy":"product_cat","embeddable":true,"href":"https:\/\/heliox-containers.com\/index.php\/wp-json\/wp\/v2\/product_cat?post=8266"},{"taxonomy":"product_tag","embeddable":true,"href":"https:\/\/heliox-containers.com\/index.php\/wp-json\/wp\/v2\/product_tag?post=8266"}],"curies":[{"name":"wp","href":"https:\/\/api.w.org\/{rel}","templated":true}]}}