{"id":8217,"date":"2025-07-11T18:52:11","date_gmt":"2025-07-11T18:52:11","guid":{"rendered":"https:\/\/heliox-containers.com\/?post_type=product&#038;p=8217"},"modified":"2025-07-11T18:54:05","modified_gmt":"2025-07-11T18:54:05","slug":"piscina-pooln-box-5-00-m-x-2-00-m","status":"publish","type":"product","link":"https:\/\/heliox-containers.com\/index.php\/product\/piscina-pooln-box-5-00-m-x-2-00-m\/","title":{"rendered":"Piscina Pool&#8217;n Box 5.00 m X 2.00 m"},"content":{"rendered":"<p><strong>Caracter\u00edsticas:<\/strong><\/p>\n<ul>\n<li>Dimensiones externas con caja 6.10 m x 2.37 m.<\/li>\n<li>Dimensiones internas 5.00 m x 2.00 m.<\/li>\n<li>Altura 1.33 m.<\/li>\n<li>Incluye filtro de arena propio<\/li>\n<li>No requiere de sala t\u00e9cnica: El sistema de filtraci\u00f3n integrado<\/li>\n<li>Estructura fabricada en madera de pino del norte clase IV tratada con autoclave, con acabado redondeado<\/li>\n<li>Grosor, 45 mm<\/li>\n<li>Brackets de soporte de acero galvanizado<\/li>\n<li>Escalera acero inoxidable interior, 3 pelda\u00f1os<\/li>\n<li>Escalera de acceso de madera, 4 pelda\u00f1os<\/li>\n<li>1 boquilla de retorno<\/li>\n<li>1 skimmer P-PM<\/li>\n<li>Caudal en la boquilla de retorno 4 m\u00b3\/h<\/li>\n<li>Filtro de arena P-FI, \u00d8 400, con tratamiento anti-UV<\/li>\n<li>V\u00e1lvula de 6 v\u00edas<\/li>\n<li>Potencia bomba de filtrado; 0,33 kW<\/li>\n<\/ul>\n","protected":false},"excerpt":{"rendered":"<p>Pool\u2019n Box. Piscina elegante de alta calidad y robusta, con garant\u00eda de 10 a\u00f1os para los componentes de madera, 5 a\u00f1os y 2 a\u00f1os en el sistema de filtraci\u00f3n.<br \/>\nPool\u2019n Box incluye un almac\u00e9n bajo la superficie para guardar los elementos de piscina como robot de piscina, accesorios de limpieza y mantenimiento, y juguetes de agua.<br \/>\nPiscina con dise\u00f1o compacto que permite su instalaci\u00f3n en ubicaciones con espacios reducidos.<\/p>\n","protected":false},"featured_media":8392,"comment_status":"open","ping_status":"closed","template":"","meta":{"_acf_changed":false},"product_brand":[],"product_cat":[218],"product_tag":[],"class_list":{"0":"post-8217","1":"product","2":"type-product","3":"status-publish","4":"has-post-thumbnail","6":"product_cat-contenedores-piscina","8":"first","9":"instock","10":"sale","11":"shipping-taxable","12":"purchasable","13":"product-type-simple"},"acf":[],"jetpack_sharing_enabled":true,"_links":{"self":[{"href":"https:\/\/heliox-containers.com\/index.php\/wp-json\/wp\/v2\/product\/8217","targetHints":{"allow":["GET"]}}],"collection":[{"href":"https:\/\/heliox-containers.com\/index.php\/wp-json\/wp\/v2\/product"}],"about":[{"href":"https:\/\/heliox-containers.com\/index.php\/wp-json\/wp\/v2\/types\/product"}],"replies":[{"embeddable":true,"href":"https:\/\/heliox-containers.com\/index.php\/wp-json\/wp\/v2\/comments?post=8217"}],"version-history":[{"count":1,"href":"https:\/\/heliox-containers.com\/index.php\/wp-json\/wp\/v2\/product\/8217\/revisions"}],"predecessor-version":[{"id":8393,"href":"https:\/\/heliox-containers.com\/index.php\/wp-json\/wp\/v2\/product\/8217\/revisions\/8393"}],"wp:featuredmedia":[{"embeddable":true,"href":"https:\/\/heliox-containers.com\/index.php\/wp-json\/wp\/v2\/media\/8392"}],"wp:attachment":[{"href":"https:\/\/heliox-containers.com\/index.php\/wp-json\/wp\/v2\/media?parent=8217"}],"wp:term":[{"taxonomy":"product_brand","embeddable":true,"href":"https:\/\/heliox-containers.com\/index.php\/wp-json\/wp\/v2\/product_brand?post=8217"},{"taxonomy":"product_cat","embeddable":true,"href":"https:\/\/heliox-containers.com\/index.php\/wp-json\/wp\/v2\/product_cat?post=8217"},{"taxonomy":"product_tag","embeddable":true,"href":"https:\/\/heliox-containers.com\/index.php\/wp-json\/wp\/v2\/product_tag?post=8217"}],"curies":[{"name":"wp","href":"https:\/\/api.w.org\/{rel}","templated":true}]}}