{"id":8215,"date":"2025-07-11T18:52:10","date_gmt":"2025-07-11T18:52:10","guid":{"rendered":"https:\/\/heliox-containers.com\/?post_type=product&#038;p=8215"},"modified":"2025-07-11T18:53:57","modified_gmt":"2025-07-11T18:53:57","slug":"piscina-poolspa-deluxe-twin-rectangular-kitpool-4-x-2-x-0-8-m","status":"publish","type":"product","link":"https:\/\/heliox-containers.com\/index.php\/product\/piscina-poolspa-deluxe-twin-rectangular-kitpool-4-x-2-x-0-8-m\/","title":{"rendered":"Piscina Poolspa Deluxe Twin rectangular KITPOOL 4 x 2 x 0.8 m"},"content":{"rendered":"<table class=\"o-product-features\" role=\"presentation\" data-cerberus=\"TABLE_AttributesProduct\">\n<caption class=\"kl-hidden-accessibility\">\u00a0<\/caption>\n<tbody>\n<tr class=\"m-product-attr-row\">\n<th class=\"m-product-attr-row__name\" scope=\"row\">Material de la estructura<\/th>\n<td class=\"m-product-attr-row__value\">Metal<\/td>\n<\/tr>\n<tr class=\"m-product-attr-row\">\n<th class=\"m-product-attr-row__name\" scope=\"row\">Accesorios suministrados<\/th>\n<td class=\"m-product-attr-row__value\">Foco mini LED, Spa burbujas en banco, Filtraci\u00f3n, Climatizaci\u00f3n y Cloraci\u00f3n Salina<\/td>\n<\/tr>\n<tr class=\"m-product-attr-row\">\n<th class=\"m-product-attr-row__name\" scope=\"row\">Modo de filtraci\u00f3n<\/th>\n<td class=\"m-product-attr-row__value\">Cartucho<\/td>\n<\/tr>\n<tr class=\"m-product-attr-row\">\n<th class=\"m-product-attr-row__name\" scope=\"row\">Caudal de filtraci\u00f3n (en m\u00b3\/h)<\/th>\n<td class=\"m-product-attr-row__value\">4<\/td>\n<\/tr>\n<tr class=\"m-product-attr-row\">\n<th class=\"m-product-attr-row__name\" scope=\"row\">Compatible con tratamiento con sal<\/th>\n<td class=\"m-product-attr-row__value\">S\u00ed<\/td>\n<\/tr>\n<tr class=\"m-product-attr-row\">\n<th class=\"m-product-attr-row__name\" scope=\"row\">Longitud interior (en m)<\/th>\n<td class=\"m-product-attr-row__value\">2.55<\/td>\n<\/tr>\n<tr class=\"m-product-attr-row\">\n<th class=\"m-product-attr-row__name\" scope=\"row\">Anchura interior (en m)<\/th>\n<td class=\"m-product-attr-row__value\">1.75<\/td>\n<\/tr>\n<tr class=\"m-product-attr-row\">\n<th class=\"m-product-attr-row__name\" scope=\"row\">Altura interior (en m)<\/th>\n<td class=\"m-product-attr-row__value\">0.8<\/td>\n<\/tr>\n<tr class=\"m-product-attr-row\">\n<th class=\"m-product-attr-row__name\" scope=\"row\">Pa\u00eds de fabricaci\u00f3n<\/th>\n<td class=\"m-product-attr-row__value\">Espa\u00f1a<\/td>\n<\/tr>\n<tr class=\"m-product-attr-row\">\n<th class=\"m-product-attr-row__name\" scope=\"row\">Peso neto (en kg)<\/th>\n<td class=\"m-product-attr-row__value\">700<\/td>\n<\/tr>\n<tr class=\"m-product-attr-row\">\n<th class=\"m-product-attr-row__name\" scope=\"row\">Garant\u00eda (en a\u00f1os)<\/th>\n<td class=\"m-product-attr-row__value\">5<\/td>\n<\/tr>\n<tr class=\"m-product-attr-row\">\n<th class=\"m-product-attr-row__name\" scope=\"row\">Producto empaquetado: anchura (en cm)<\/th>\n<td class=\"m-product-attr-row__value\">400<\/td>\n<\/tr>\n<tr class=\"m-product-attr-row\">\n<th class=\"m-product-attr-row__name\" scope=\"row\">Producto empaquetado: altura (en cm)<\/th>\n<td class=\"m-product-attr-row__value\">80<\/td>\n<\/tr>\n<tr class=\"m-product-attr-row\">\n<th class=\"m-product-attr-row__name\" scope=\"row\">Producto empaquetado: profundidad (en cm)<\/th>\n<td class=\"m-product-attr-row__value\">200<\/td>\n<\/tr>\n<\/tbody>\n<\/table>\n","protected":false},"excerpt":{"rendered":"<p>Piscina elevada para patios, terrazas o \u00e1ticos. Este concepto de peque\u00f1a piscina con spa burbujas en el banco es ideal para zonas chill out.<\/p>\n","protected":false},"featured_media":8376,"comment_status":"open","ping_status":"closed","template":"","meta":{"_acf_changed":false},"product_brand":[],"product_cat":[218],"product_tag":[],"class_list":{"0":"post-8215","1":"product","2":"type-product","3":"status-publish","4":"has-post-thumbnail","6":"product_cat-contenedores-piscina","8":"first","9":"instock","10":"sale","11":"shipping-taxable","12":"purchasable","13":"product-type-simple"},"acf":[],"jetpack_sharing_enabled":true,"_links":{"self":[{"href":"https:\/\/heliox-containers.com\/index.php\/wp-json\/wp\/v2\/product\/8215","targetHints":{"allow":["GET"]}}],"collection":[{"href":"https:\/\/heliox-containers.com\/index.php\/wp-json\/wp\/v2\/product"}],"about":[{"href":"https:\/\/heliox-containers.com\/index.php\/wp-json\/wp\/v2\/types\/product"}],"replies":[{"embeddable":true,"href":"https:\/\/heliox-containers.com\/index.php\/wp-json\/wp\/v2\/comments?post=8215"}],"version-history":[{"count":1,"href":"https:\/\/heliox-containers.com\/index.php\/wp-json\/wp\/v2\/product\/8215\/revisions"}],"predecessor-version":[{"id":8377,"href":"https:\/\/heliox-containers.com\/index.php\/wp-json\/wp\/v2\/product\/8215\/revisions\/8377"}],"wp:featuredmedia":[{"embeddable":true,"href":"https:\/\/heliox-containers.com\/index.php\/wp-json\/wp\/v2\/media\/8376"}],"wp:attachment":[{"href":"https:\/\/heliox-containers.com\/index.php\/wp-json\/wp\/v2\/media?parent=8215"}],"wp:term":[{"taxonomy":"product_brand","embeddable":true,"href":"https:\/\/heliox-containers.com\/index.php\/wp-json\/wp\/v2\/product_brand?post=8215"},{"taxonomy":"product_cat","embeddable":true,"href":"https:\/\/heliox-containers.com\/index.php\/wp-json\/wp\/v2\/product_cat?post=8215"},{"taxonomy":"product_tag","embeddable":true,"href":"https:\/\/heliox-containers.com\/index.php\/wp-json\/wp\/v2\/product_tag?post=8215"}],"curies":[{"name":"wp","href":"https:\/\/api.w.org\/{rel}","templated":true}]}}