{"id":8212,"date":"2025-07-11T18:52:10","date_gmt":"2025-07-11T18:52:10","guid":{"rendered":"https:\/\/heliox-containers.com\/?post_type=product&#038;p=8212"},"modified":"2025-07-11T18:53:52","modified_gmt":"2025-07-11T18:53:52","slug":"nuevo-bungalow-de-almacenamiento-de-6m-para-productos-fitosanitarios","status":"publish","type":"product","link":"https:\/\/heliox-containers.com\/index.php\/product\/nuevo-bungalow-de-almacenamiento-de-6m-para-productos-fitosanitarios\/","title":{"rendered":"Nuevo bungalow de almacenamiento de 6M para productos fitosanitarios"},"content":{"rendered":"<p>Ofrecemos un bungalow de almacenamiento de 6M perfectamente adaptado al\u00a0<strong>almacenamiento de productos fitosanitarios.<\/strong><\/p>\n<div class=\"block md-bottom product-description-block\">\n<div class=\"h3-replace title-block\">Descripci\u00f3n<\/div>\n<div class=\"block-content\">\n<div class=\"product-description typo\">\n<h2>Bungalow Almacenamiento 6M apto para almacenamiento de productos fitosanitarios<\/h2>\n<p>Nuestros bungalows de almacenamiento de productos fitosanitarios cubren las\u00a0<strong>necesidades de almacenamiento de productos peligrosos<\/strong>\u00a0.\u00a0Ya sea para agricultores o empresas, permiten obtener r\u00e1pidamente\u00a0<strong>una soluci\u00f3n de almacenamiento aislada, adecuada para productos l\u00edquidos de alto riesgo<\/strong>\u00a0.<\/p>\n<p>Nuestro bungalow de almacenamiento de productos fitosanitarios de 6M tiene suelo de acero galvanizado con bandeja recogedora rematada con rejilla de acero galvanizado.\u00a0La base est\u00e1 reforzada e incluye un paso para horquillas que permite manipular el m\u00f3dulo con una m\u00e1quina elevadora equipada con horquillas de 250 cm.\u00a0El m\u00f3dulo est\u00e1 equipado con puerta, dos rejillas de ventilaci\u00f3n, ne\u00f3n LED, calefacci\u00f3n y toma de corriente.<\/p>\n<p>Para determinados clientes hemos fabricado este m\u00f3dulo con dimensiones a medida.<\/p>\n<p><strong>Nuestros bungalows se montan en Francia.<\/strong><\/p>\n<hr \/>\n<h3>Bungalow de almacenamiento de 6M para productos fitosanitarios &#8211; nuevo<\/h3>\n<p>El bungalow fitosanitario 6M est\u00e1 formado por una estructura de acero galvanizado lacado en color gris claro RAL 9002.<\/p>\n<p>El perfil del techo es de acero galvanizado lacado gris claro RAL 9002,\u00a0<strong>espesor 1,5 mm &#8211; altura 150 mm<\/strong>\u00a0, con 4 puntos de eslinga para desplazamiento con gr\u00faa.<\/p>\n<p>Los perfiles de base son de acero galvanizado lacado en color gris claro RAL 9002,\u00a0<strong>espesor 2 mm &#8211; altura 160 mm<\/strong>\u00a0, con\u00a0<strong>paso de horquillas<\/strong>\u00a0(distancia entre ejes 90 cm) para desplazamiento con carretilla elevadora equipada con horquillas de 250 cm.<\/p>\n<p>El techo est\u00e1 fabricado con paneles s\u00e1ndwich de espuma r\u00edgida de poliuretano de\u00a0<strong>30 mm de espesor<\/strong>\u00a0, Euroclase Cs3d0.\u00a0La cubierta del tejado es de acero galvanizado ondulado y con desag\u00fces laterales para el agua de lluvia.<\/p>\n<p>Las paredes est\u00e1n realizadas con paneles s\u00e1ndwich de espuma r\u00edgida de poliuretano de\u00a0<strong>40 mm de espesor<\/strong>\u00a0(color gris claro RAL 9002), Euroclase Cs3d0.<\/p>\n<p>El suelo es de acero galvanizado, espesor\u00a0<strong>1,2 mm &#8211; altura 120 mm<\/strong>\u00a0, con bandeja de recuperaci\u00f3n, rematada con una rejilla de acero galvanizado (malla 35 x 76 mm).\u00a0La capacidad de carga del suelo es de\u00a0<strong>500 kg\/m\u00b2<\/strong>\u00a0(no utilizar transpaleta, opcional).<\/p>\n<p>El levantamiento de este m\u00f3dulo se realiza \u00fanicamente en vac\u00edo.<\/p>\n<hr \/>\n<h3>Carpinter\u00eda de aluminio lacado en blanco RAL 9010.<\/h3>\n<p>El Bungalow fitosanitario est\u00e1 equipado con una puerta integral de 134 x 220 cm (paso de 120 cm) aislada, con 1 rejilla de ventilaci\u00f3n de PVC de 50 x 23 cm.<\/p>\n<p>El m\u00f3dulo est\u00e1 equipado con una segunda rejilla de ventilaci\u00f3n de PVC de 50 x 23 cm en la parte trasera.<\/p>\n<hr \/>\n<h3>Instalaci\u00f3n el\u00e9ctrica 220 V.<\/h3>\n<p>El Bungalow Fitosanitario est\u00e1 equipado con un interruptor, un LED ne\u00f3n o un plaf\u00f3n LED seg\u00fan el tama\u00f1o, un convector de 1000 vatios, una toma de corriente, un cuadro el\u00e9ctrico que incluye interdiferencial y disyuntores (m\u00e1ximo 6 KW) y una caja de conexiones externa. .<\/p>\n<hr \/>\n<h3>Caracter\u00edsticas t\u00e9cnicas<\/h3>\n<h4>DIMENSIONES<\/h4>\n<ul>\n<li>Altura exterior: 247 cm<\/li>\n<li>Altura interior: 202 cm<\/li>\n<li>Ancho: 242 cm<\/li>\n<li>Largo: 609cm<\/li>\n<\/ul>\n<hr \/>\n<h4>ESTRUCTURA<\/h4>\n<ul>\n<li>Material: Acero galvanizado y lacado<\/li>\n<li>Color: Gris claro RAL 9002<\/li>\n<li>Espesor: 1,5 mm<\/li>\n<li>Base: altura 160 mm, espesor 2 mm<\/li>\n<li>Techo: altura 150 mm<\/li>\n<li>Manipulaci\u00f3n: 4 alojamientos en el techo para ganchos de elevaci\u00f3n, base con paso de horquillas para manipulaci\u00f3n con carretilla elevadora equipada con horquillas de 250 cm.<\/li>\n<\/ul>\n<hr \/>\n<h4>CARPINTER\u00cdA<\/h4>\n<ul>\n<li>Material: Aluminio lacado en blanco RAL 9010<\/li>\n<li>Puerta(s): 1 puerta maciza de 134 x 220 cm (paso 120 cm) aislada<\/li>\n<li>Ventilaci\u00f3n(es): 2 rejillas de ventilaci\u00f3n de PVC de 50 x 23 cm, una en la puerta y la otra en la parte trasera<\/li>\n<\/ul>\n<hr \/>\n<h4>PAREDES Y TECHO<\/h4>\n<ul>\n<li>Material: paneles s\u00e1ndwich<\/li>\n<li>Aislamiento: Espuma de poliuretano r\u00edgida<\/li>\n<li>Grosor de la pared: 40 mm<\/li>\n<li>Espesor del techo: 30 mm<\/li>\n<li>Revestimiento del tejado: Chapa de acero galvanizada Ondas griegas<\/li>\n<li>Color de la pared: Gris luminoso RAL 9002<\/li>\n<\/ul>\n<hr \/>\n<h4>PISO<\/h4>\n<ul>\n<li>Estructura: acero galvanizado<\/li>\n<li>Espesor: 1,2 mm<\/li>\n<li>Equipamiento: tanque de recuperaci\u00f3n<\/li>\n<li>Suelo: rejilla de acero galvanizado (malla 35&#215;76 mm = no apto para uso con transpaleta \/ posibilidad de malla tensada opcional para poder utilizar transpaleta)<\/li>\n<li>Altura: 120 mm<\/li>\n<li>Capacidad: 500 kg\/m\u00b2<\/li>\n<\/ul>\n<hr \/>\n<h4>ELECTRICIDAD<\/h4>\n<ul>\n<li>Iluminaci\u00f3n: 1 interruptor + 1 LED ne\u00f3n<\/li>\n<li>Calefacci\u00f3n: 1 convector de 1000 W<\/li>\n<li>Toma: 1 toma de corriente<\/li>\n<li>Mesa: 1 mesa que incluye interdiferencial y disyuntores<\/li>\n<li>Conexi\u00f3n: 1 caja de conexiones externa<\/li>\n<\/ul>\n<hr \/>\n<h4>Posibles opciones<\/h4>\n<ul>\n<li>Extractor de aire 90m3\/h con interruptor.<\/li>\n<li>Rejilla de malla ajustada apta para el uso de transpaleta<\/li>\n<\/ul>\n<\/div>\n<\/div>\n<\/div>\n","protected":false},"excerpt":{"rendered":"<div class=\"modal-product-brief\">\n<p>Ofrecemos un bungalow de almacenamiento de 6M perfectamente adaptado al almacenamiento de productos fitosanitarios. Descripci\u00f3n Bungalow Almacenamiento 6M apto para almacenamiento de productos fitosanitarios Nuestros bungalows de almacenamiento de productos fitosanitarios cubren las necesidades de almacenamiento<\/p>\n<\/div>\n","protected":false},"featured_media":8358,"comment_status":"open","ping_status":"closed","template":"","meta":{"_acf_changed":false},"product_brand":[],"product_cat":[220],"product_tag":[],"class_list":{"0":"post-8212","1":"product","2":"type-product","3":"status-publish","4":"has-post-thumbnail","6":"product_cat-contenedores-sanitarios","8":"first","9":"instock","10":"sale","11":"shipping-taxable","12":"purchasable","13":"product-type-simple"},"acf":[],"jetpack_sharing_enabled":true,"_links":{"self":[{"href":"https:\/\/heliox-containers.com\/index.php\/wp-json\/wp\/v2\/product\/8212","targetHints":{"allow":["GET"]}}],"collection":[{"href":"https:\/\/heliox-containers.com\/index.php\/wp-json\/wp\/v2\/product"}],"about":[{"href":"https:\/\/heliox-containers.com\/index.php\/wp-json\/wp\/v2\/types\/product"}],"replies":[{"embeddable":true,"href":"https:\/\/heliox-containers.com\/index.php\/wp-json\/wp\/v2\/comments?post=8212"}],"version-history":[{"count":1,"href":"https:\/\/heliox-containers.com\/index.php\/wp-json\/wp\/v2\/product\/8212\/revisions"}],"predecessor-version":[{"id":8359,"href":"https:\/\/heliox-containers.com\/index.php\/wp-json\/wp\/v2\/product\/8212\/revisions\/8359"}],"wp:featuredmedia":[{"embeddable":true,"href":"https:\/\/heliox-containers.com\/index.php\/wp-json\/wp\/v2\/media\/8358"}],"wp:attachment":[{"href":"https:\/\/heliox-containers.com\/index.php\/wp-json\/wp\/v2\/media?parent=8212"}],"wp:term":[{"taxonomy":"product_brand","embeddable":true,"href":"https:\/\/heliox-containers.com\/index.php\/wp-json\/wp\/v2\/product_brand?post=8212"},{"taxonomy":"product_cat","embeddable":true,"href":"https:\/\/heliox-containers.com\/index.php\/wp-json\/wp\/v2\/product_cat?post=8212"},{"taxonomy":"product_tag","embeddable":true,"href":"https:\/\/heliox-containers.com\/index.php\/wp-json\/wp\/v2\/product_tag?post=8212"}],"curies":[{"name":"wp","href":"https:\/\/api.w.org\/{rel}","templated":true}]}}