{"id":8157,"date":"2025-07-11T18:51:40","date_gmt":"2025-07-11T18:51:40","guid":{"rendered":"https:\/\/heliox-containers.com\/?post_type=product&#038;p=8157"},"modified":"2025-07-11T18:52:46","modified_gmt":"2025-07-11T18:52:46","slug":"piscina-container-unique-4x2m","status":"publish","type":"product","link":"https:\/\/heliox-containers.com\/index.php\/product\/piscina-container-unique-4x2m\/","title":{"rendered":"Piscina Container Unique 4x2m"},"content":{"rendered":"<p>Necesaria una losa de hormig\u00f3n de 8-10cm o un suelo totalmente plano y a nivel de las dimensiones 5,10\u00d72,75m.<\/p>\n<p>Piscina fabricada con una estructura met\u00e1lica con acabado EPOXI, paneles s\u00e1ndwich de 10 cm de espesor, de aluminio y aislante t\u00e9rmico de poliuretano comprimido de m\u00e1xima densidad. Este aislamiento representa un gran ahorro el\u00e9ctrico en caso de climatizar la piscina, debido a su gran rendimiento aislante.<\/p>\n<p>RENOVACI\u00d3N F\u00c1CIL DEL LINER Revestimiento interior en liner blanco de alta resistencia, con enganches superiores a la pesta\u00f1a que permitir\u00e1 en el futuro un reemplazo de este en poco tiempo y el mismo cliente lo puede efectuar.<\/p>\n<p>Revestimiento exterior aislante compuesto de resinas y corcho natural. Este producto permite calentar el agua evitando alcanzar altas temperaturas en la estructura de la piscina. Este revestimiento con efecto amortiguador, garantiza un paseo y tacto agradable para el propietario, evitando quemaduras debido a las altas temperaturas solares.<\/p>\n<p>&nbsp;<\/p>\n<h3 class=\"t-h4\">Descripci\u00f3n producto:<\/h3>\n<ul>\n<li>Piscina rectangular de container.<\/li>\n<li>Unique es una piscina autoportante.<\/li>\n<li>Piscinas elevadas con posibilidad de soterrarlas.<\/li>\n<\/ul>\n<h3 class=\"t-h4\">Colores disponibles:<\/h3>\n<ul>\n<li>Revestimiento exterior est\u00e1ndar: Gris Antracita Blanco Marfil<\/li>\n<li>Revestimiento interior: Liner Blanco<\/li>\n<\/ul>\n<h3 class=\"t-h4\">Dimensiones:<\/h3>\n<ul>\n<li>Int. 4.155 x 2.22 x 1.26m<\/li>\n<li>Ext. 5.235 x 2.53 x 1.26m<\/li>\n<li>Peso: 1150 Kg<\/li>\n<\/ul>\n<h3 class=\"t-h4\">Equipamiento:<\/h3>\n<ul>\n<li>Skimmer<\/li>\n<li>Boquillas de impulsi\u00f3n y sumidero<\/li>\n<li>Proyector led color con mando a distancia<\/li>\n<li>Escalera 3 pelda\u00f1os en Inox 304 (no compatible con cloraci\u00f3n salina)<\/li>\n<li>Puerta lateral para acceder a la filtraci\u00f3n. (Trampilla superior para las piscinas enterradas)<\/li>\n<li>Espacio de almac\u00e9n para guardar los accesorios de limpieza y mantenimiento<\/li>\n<li>Filtraci\u00f3n completa (filtro de arena 400\u00d8 con v\u00e1lvula selectora AstralPool, bomba 0.5CV, cuadro el\u00e9ctrico)<\/li>\n<li>Salida de desag\u00fce en el exterior de la piscina<\/li>\n<li>Sistema Plug-and-Play. (Un solo cable a conectar)<\/li>\n<li>Escalera de acceso exterior integrada en la estructura de la piscina (para las piscinas elevadas)<\/li>\n<li>Revestimiento de Liner blanco de alta resistencia, 75\/100.<\/li>\n<\/ul>\n<h3 class=\"t-h4\">Garant\u00eda:<\/h3>\n<ul>\n<li>Para estructura y paneles cuenta con una Garant\u00eda de 10 a\u00f1os<\/li>\n<li>Garant\u00eda de accesorios y filtraci\u00f3n de 2 a\u00f1os<\/li>\n<li>Garant\u00eda del Liner, seg\u00fan fabricante.<\/li>\n<\/ul>\n<ul>\n<li>Skimmer<\/li>\n<li>Boquillas de impulsi\u00f3n y sumidero<\/li>\n<li>Proyector led color con mando a distancia<\/li>\n<li>Escalera 3 pelda\u00f1os en Inox 304 (no compatible con cloraci\u00f3n salina)<\/li>\n<li>Puerta lateral para acceder a la filtraci\u00f3n. (Trampilla superior para las piscinas enterradas)<\/li>\n<li>Espacio de almac\u00e9n para guardar los accesorios de limpieza y mantenimiento<\/li>\n<li>Filtraci\u00f3n completa (filtro de arena 400\u00d8 con v\u00e1lvula selectora AstralPool, bomba 0.5CV, cuadro el\u00e9ctrico)<\/li>\n<li>Salida de desag\u00fce en el exterior de la piscina<\/li>\n<li>Sistema Plug-and-Play. (Un solo cable a conectar)<\/li>\n<li>Escalera de acceso exterior integrada en la estructura de la piscina (para las piscinas elevadas)<\/li>\n<li>Revestimiento de Liner blanco de alta resistencia, 75\/100.<\/li>\n<\/ul>\n","protected":false},"excerpt":{"rendered":"<p>UNIQUE es una piscina autoportante perfecta para la venta en Kit.\u00a0 Sin necesidad de excavar la tierra, solo precisa de un solado donde apoyarla y se obtiene una elegante, resistente, pr\u00e1ctica y original piscina en un momento.<\/p>\n<ul>\n<li>Ideal para aquellos clientes que buscan rapidez en el montaje sin engorros en la construcci\u00f3n.<\/li>\n<li>\u00a0Los modelos nuevos de las piscinas UNIQUE tienen todas con una puerta de seguridad en la escalera de acceso a la piscina.<\/li>\n<\/ul>\n","protected":false},"featured_media":8284,"comment_status":"open","ping_status":"closed","template":"","meta":{"_acf_changed":false},"product_brand":[],"product_cat":[218],"product_tag":[],"class_list":{"0":"post-8157","1":"product","2":"type-product","3":"status-publish","4":"has-post-thumbnail","6":"product_cat-contenedores-piscina","8":"first","9":"instock","10":"sale","11":"shipping-taxable","12":"purchasable","13":"product-type-simple"},"acf":[],"jetpack_sharing_enabled":true,"_links":{"self":[{"href":"https:\/\/heliox-containers.com\/index.php\/wp-json\/wp\/v2\/product\/8157","targetHints":{"allow":["GET"]}}],"collection":[{"href":"https:\/\/heliox-containers.com\/index.php\/wp-json\/wp\/v2\/product"}],"about":[{"href":"https:\/\/heliox-containers.com\/index.php\/wp-json\/wp\/v2\/types\/product"}],"replies":[{"embeddable":true,"href":"https:\/\/heliox-containers.com\/index.php\/wp-json\/wp\/v2\/comments?post=8157"}],"version-history":[{"count":1,"href":"https:\/\/heliox-containers.com\/index.php\/wp-json\/wp\/v2\/product\/8157\/revisions"}],"predecessor-version":[{"id":8285,"href":"https:\/\/heliox-containers.com\/index.php\/wp-json\/wp\/v2\/product\/8157\/revisions\/8285"}],"wp:featuredmedia":[{"embeddable":true,"href":"https:\/\/heliox-containers.com\/index.php\/wp-json\/wp\/v2\/media\/8284"}],"wp:attachment":[{"href":"https:\/\/heliox-containers.com\/index.php\/wp-json\/wp\/v2\/media?parent=8157"}],"wp:term":[{"taxonomy":"product_brand","embeddable":true,"href":"https:\/\/heliox-containers.com\/index.php\/wp-json\/wp\/v2\/product_brand?post=8157"},{"taxonomy":"product_cat","embeddable":true,"href":"https:\/\/heliox-containers.com\/index.php\/wp-json\/wp\/v2\/product_cat?post=8157"},{"taxonomy":"product_tag","embeddable":true,"href":"https:\/\/heliox-containers.com\/index.php\/wp-json\/wp\/v2\/product_tag?post=8157"}],"curies":[{"name":"wp","href":"https:\/\/api.w.org\/{rel}","templated":true}]}}