{"id":8155,"date":"2025-07-11T18:51:40","date_gmt":"2025-07-11T18:51:40","guid":{"rendered":"https:\/\/heliox-containers.com\/?post_type=product&#038;p=8155"},"modified":"2025-07-11T18:52:41","modified_gmt":"2025-07-11T18:52:41","slug":"contenedor-piscina-12-m","status":"publish","type":"product","link":"https:\/\/heliox-containers.com\/index.php\/product\/contenedor-piscina-12-m\/","title":{"rendered":"Contenedor Piscina 12 M"},"content":{"rendered":"<p>Su forma es rectangular.<br \/>\nSu anchura es id\u00e9ntica independientemente del modelo: 2,30 m.<br \/>\nSu longitud var\u00eda en funci\u00f3n de la del contenedor (6 o 12 m) y de la ubicaci\u00f3n de la sala t\u00e9cnica (integrada o externa a la estructura).<br \/>\nSu altura del agua var\u00eda desde 1 ma m\u00e1s de 2 m, si lo desea.<\/p>\n<p>Dimensiones de 12m x 2,50m y una profundidad de 1,50m<br \/>\nTotalmente equipado (skimmers, boquillas, bomba y filtro de agua, iluminaci\u00f3n)<\/p>\n","protected":false},"excerpt":{"rendered":"<p>Dimensiones de 12m x 2,50m y una profundidad de 1,50m<br \/>\nTotalmente equipado (skimmers, boquillas, bomba y filtro de agua, iluminaci\u00f3n)<\/p>\n","protected":false},"featured_media":8271,"comment_status":"open","ping_status":"closed","template":"","meta":{"_acf_changed":false},"product_brand":[],"product_cat":[218],"product_tag":[],"class_list":{"0":"post-8155","1":"product","2":"type-product","3":"status-publish","4":"has-post-thumbnail","6":"product_cat-contenedores-piscina","8":"first","9":"instock","10":"sale","11":"shipping-taxable","12":"purchasable","13":"product-type-simple"},"acf":[],"jetpack_sharing_enabled":true,"_links":{"self":[{"href":"https:\/\/heliox-containers.com\/index.php\/wp-json\/wp\/v2\/product\/8155","targetHints":{"allow":["GET"]}}],"collection":[{"href":"https:\/\/heliox-containers.com\/index.php\/wp-json\/wp\/v2\/product"}],"about":[{"href":"https:\/\/heliox-containers.com\/index.php\/wp-json\/wp\/v2\/types\/product"}],"replies":[{"embeddable":true,"href":"https:\/\/heliox-containers.com\/index.php\/wp-json\/wp\/v2\/comments?post=8155"}],"version-history":[{"count":1,"href":"https:\/\/heliox-containers.com\/index.php\/wp-json\/wp\/v2\/product\/8155\/revisions"}],"predecessor-version":[{"id":8272,"href":"https:\/\/heliox-containers.com\/index.php\/wp-json\/wp\/v2\/product\/8155\/revisions\/8272"}],"wp:featuredmedia":[{"embeddable":true,"href":"https:\/\/heliox-containers.com\/index.php\/wp-json\/wp\/v2\/media\/8271"}],"wp:attachment":[{"href":"https:\/\/heliox-containers.com\/index.php\/wp-json\/wp\/v2\/media?parent=8155"}],"wp:term":[{"taxonomy":"product_brand","embeddable":true,"href":"https:\/\/heliox-containers.com\/index.php\/wp-json\/wp\/v2\/product_brand?post=8155"},{"taxonomy":"product_cat","embeddable":true,"href":"https:\/\/heliox-containers.com\/index.php\/wp-json\/wp\/v2\/product_cat?post=8155"},{"taxonomy":"product_tag","embeddable":true,"href":"https:\/\/heliox-containers.com\/index.php\/wp-json\/wp\/v2\/product_tag?post=8155"}],"curies":[{"name":"wp","href":"https:\/\/api.w.org\/{rel}","templated":true}]}}