{"id":8026,"date":"2025-07-11T18:50:49","date_gmt":"2025-07-11T18:50:49","guid":{"rendered":"https:\/\/heliox-containers.com\/?post_type=product&#038;p=8026"},"modified":"2025-07-11T18:52:14","modified_gmt":"2025-07-11T18:52:14","slug":"piscina-portatil-de-40-pies","status":"publish","type":"product","link":"https:\/\/heliox-containers.com\/index.php\/product\/piscina-portatil-de-40-pies\/","title":{"rendered":"Piscina port\u00e1til de 40 pies"},"content":{"rendered":"<p>Dimensi\u00f3n<\/p>\n<p>11800mm*2200mm*2400mm<\/p>\n<p>Estructura<\/p>\n<p>Estructura de acero de canal y tubo cuadrado, acero ondulado galvanizado<\/p>\n<p>Suelo<\/p>\n<p>Suelo de chapa de acero Lope, suelo compuesto madera-pl\u00e1stico para plataforma de piscina<\/p>\n<p>Pintura<\/p>\n<p>Cepille 2 veces con imprimaci\u00f3n epoxi gris medio rica en zinc, Topcoat acr\u00edlico<\/p>\n<p>Relleno<\/p>\n<p>Pintura especial piscina, Pel\u00edcula mosaico<\/p>\n<p>Agua profunda<\/p>\n<p>1,5 m, 1,7 m. 2,2 m<\/p>\n<p>Accesorios<\/p>\n<p>Puerta blindada, Vidrio laminado, Sistema de filtraci\u00f3n, Sistema de drenaje, Sistema de protecci\u00f3n contra fugas, Sistema de iluminaci\u00f3n de piscina, Escalera de piscina de acero inoxidable, Plataforma de madera pl\u00e1stica<\/p>\n<p>Vidrio acr\u00edlico<\/p>\n<p>2000*800*50mm<\/p>\n<p>MARCA Vitra<\/p>\n<p>COLOR Azul, marr\u00f3n, amarillo<\/p>\n<p>TAMA\u00d1O L, M, S, XS<\/p>\n","protected":false},"excerpt":{"rendered":"<p>Dimensi\u00f3n 11800mm*2200mm*2400mm Estructura Estructura de acero de canal y tubo cuadrado, acero ondulado galvanizado Suelo Suelo de chapa de acero Lope, suelo compuesto madera-pl\u00e1stico para plataforma de piscina Pintura Cepille<\/p>\n","protected":false},"featured_media":8225,"comment_status":"open","ping_status":"closed","template":"","meta":{"_acf_changed":false},"product_brand":[],"product_cat":[218],"product_tag":[],"class_list":{"0":"post-8026","1":"product","2":"type-product","3":"status-publish","4":"has-post-thumbnail","6":"product_cat-contenedores-piscina","8":"first","9":"instock","10":"sale","11":"shipping-taxable","12":"purchasable","13":"product-type-simple"},"acf":[],"jetpack_sharing_enabled":true,"_links":{"self":[{"href":"https:\/\/heliox-containers.com\/index.php\/wp-json\/wp\/v2\/product\/8026","targetHints":{"allow":["GET"]}}],"collection":[{"href":"https:\/\/heliox-containers.com\/index.php\/wp-json\/wp\/v2\/product"}],"about":[{"href":"https:\/\/heliox-containers.com\/index.php\/wp-json\/wp\/v2\/types\/product"}],"replies":[{"embeddable":true,"href":"https:\/\/heliox-containers.com\/index.php\/wp-json\/wp\/v2\/comments?post=8026"}],"version-history":[{"count":1,"href":"https:\/\/heliox-containers.com\/index.php\/wp-json\/wp\/v2\/product\/8026\/revisions"}],"predecessor-version":[{"id":8226,"href":"https:\/\/heliox-containers.com\/index.php\/wp-json\/wp\/v2\/product\/8026\/revisions\/8226"}],"wp:featuredmedia":[{"embeddable":true,"href":"https:\/\/heliox-containers.com\/index.php\/wp-json\/wp\/v2\/media\/8225"}],"wp:attachment":[{"href":"https:\/\/heliox-containers.com\/index.php\/wp-json\/wp\/v2\/media?parent=8026"}],"wp:term":[{"taxonomy":"product_brand","embeddable":true,"href":"https:\/\/heliox-containers.com\/index.php\/wp-json\/wp\/v2\/product_brand?post=8026"},{"taxonomy":"product_cat","embeddable":true,"href":"https:\/\/heliox-containers.com\/index.php\/wp-json\/wp\/v2\/product_cat?post=8026"},{"taxonomy":"product_tag","embeddable":true,"href":"https:\/\/heliox-containers.com\/index.php\/wp-json\/wp\/v2\/product_tag?post=8026"}],"curies":[{"name":"wp","href":"https:\/\/api.w.org\/{rel}","templated":true}]}}