{"id":7864,"date":"2025-07-11T18:49:06","date_gmt":"2025-07-11T18:49:06","guid":{"rendered":"https:\/\/heliox-containers.com\/?post_type=product&#038;p=7864"},"modified":"2025-07-11T18:51:22","modified_gmt":"2025-07-11T18:51:22","slug":"contenedor-nueva-burbuja-de-venta-v1-serie-reforzada-6-metros","status":"publish","type":"product","link":"https:\/\/heliox-containers.com\/index.php\/product\/contenedor-nueva-burbuja-de-venta-v1-serie-reforzada-6-metros\/","title":{"rendered":"CONTENEDOR NUEVA BURBUJA DE VENTA V1 SERIE REFORZADA 6 METROS"},"content":{"rendered":"<p>Altura exterior: 252 cm<br \/>\nAltura interior: 220 cm<br \/>\nLongitud: 609cm<br \/>\nAncho: 242cm<br \/>\nESTRUCTURA<br \/>\nMaterial: Acero galvanizado y lacado<br \/>\nColor: Gris antracita RAL 7016<br \/>\nEspesor: 2 mm<br \/>\nBase: altura 160 mm<br \/>\nTecho: altura 200 mm<br \/>\nManipulaci\u00f3n: 4 tomas en el techo para ganchos de elevaci\u00f3n y paso de horquillas en el s\u00f3tano para manipulaci\u00f3n con carretilla elevadora<br \/>\nPAREDES Y TECHO<br \/>\nMaterial: Paneles s\u00e1ndwich<br \/>\nAislamiento: Espuma r\u00edgida de poliuretano<br \/>\nGrosor de la pared: 50 mm<br \/>\nGrosor del techo: 40 mm<br \/>\nRevestimiento del techo: Chapa de acero galvanizada con ondas griegas<br \/>\nColor de la pared: gris claro RAL 9002<br \/>\nPISO<br \/>\nEstructura: Paneles de aglomerado hidr\u00f3fugo<br \/>\nEspesor: 18 mm<br \/>\nRevestimiento: parquet imitaci\u00f3n PVC con z\u00f3calos negrosCARPINTER\u00cdA<br \/>\nMaterial: Aluminio lacado en blanco RAL 9010<br \/>\nPuerta(s): 1 puerta de entrada de dimensiones 104 x 220 cm (90 cm de paso) toda acristalada, acristalamiento de seguridad laminado transparente, espesor 4+4 mm<br \/>\nVentana(s): 2 miradores fijos de dimensiones 204 x 220 cm acristalamiento de seguridad laminado transparente, espesor 4+4 mm<br \/>\nELECTRICIDAD<br \/>\nIluminaci\u00f3n: 2 neones LED<br \/>\nSalidas: 2 tomas de corriente<br \/>\nCalefacci\u00f3n: 1 convector 1500 W<br \/>\nPanel: 1 panel que incluye interdiferencial y disyuntores<br \/>\nConexi\u00f3n: 1 caja de conexi\u00f3n externa<br \/>\nPosibles opciones<br \/>\nElecci\u00f3n de colores libres para el marco: blanco RAL 9010, gris claro RAL 9002 o gris antracita RAL 7016<br \/>\nOtros colores posibles como opci\u00f3n para los paneles, el marco o la carpinter\u00eda<br \/>\nAislamiento bajo piso de lana de vidrio de 50 mm de espesor sobre l\u00e1minas de protecci\u00f3n de acero galvanizado<br \/>\nAltura del techo de 2,40 m, la puerta queda a una altura de 2,20 m<br \/>\nS\u00f3tano sobre patines (2 vigas de ipe de 16 cm)<br \/>\nZona de WC integrado con WC + lavabo + puerta + mamparas (posibilidad de disponer de agua caliente en el fregadero con coste adicional)<br \/>\nZona de ducha integrada (con agua caliente por supuesto) + puerta + mamparas<br \/>\n4 bajantes<br \/>\nCarpinter\u00eda de aluminio lacado gris antracita RAL 7016<br \/>\nAire acondicionado reversible 2300 w UNICO R10<br \/>\nAire acondicionado de ventana solo fr\u00edo de 12000 BTU<br \/>\nSHINY 12 Climatizador M\u00f3vil Reversible R290 3,5 KW + kit ventana<br \/>\nPaneles LED en lugar de luces de ne\u00f3n<br \/>\nPuerta semividriada adicional, puerta s\u00f3lida o puerta completamente de vidrio<br \/>\nVentana adicional, mirador, ventana snack o ventana con ventana e higi\u00e1fono<br \/>\nPersianas enrollables de aluminio o PVC, colores espec\u00edficos posibles<br \/>\nSuelo de madera-cemento de 16 mm de espesor en lugar de aglomerado (imprescindible si el bungalow no se eleva unos cm mediante tacos o cu\u00f1as, as\u00ed como para ambientes h\u00famedos) con una capacidad de 400 kg\/m\u00b2<br \/>\nPiso de madera fen\u00f3lica gr. 18 mm en lugar de aglomerado, capacidad: 500 kg\/m\u00b2<br \/>\nSuelos de PVC de alta resistencia en lugar de parquet de imitaci\u00f3n de PVC o suelos de baldosas<br \/>\nPaneles lisos, paneles alimentarios, paneles de lana de roca o paneles resistentes al fuego<br \/>\nTomas adicionales o tomas RJ45<\/p>\n","protected":false},"excerpt":{"rendered":"<p>New Sales Bubble Container V1 6 metros<br \/>\nEl contenedor Bubble of Sale le permite disponer de una oficina o punto de venta c\u00f3modo y est\u00e9tico a un precio imbatible y en un tiempo imbatible frente a una soluci\u00f3n constructiva convencional. Hemos estandarizado 4 burbujas de venta con diferentes tama\u00f1os y diferentes niveles de opciones.<\/p>\n<p>Nuestra burbuja de ventas V1 de 6 metros se ofrece de serie en nuestra serie \u201cReforzada\u201d.<\/p>\n<p>Los contenedores de la serie \u201cReforzados\u201d son m\u00f3dulos que cuentan con una estructura reforzada, as\u00ed como un aislamiento t\u00e9rmico y ac\u00fastico mejorado (aislamiento grueso y doble acristalamiento). Ofrecen una mayor comodidad de uso en comparaci\u00f3n con la serie est\u00e1ndar, por lo que son m\u00e1s adecuados para su uso en oficinas, por ejemplo.<\/p>\n","protected":false},"featured_media":8082,"comment_status":"open","ping_status":"closed","template":"","meta":{"_acf_changed":false},"product_brand":[],"product_cat":[215],"product_tag":[],"class_list":{"0":"post-7864","1":"product","2":"type-product","3":"status-publish","4":"has-post-thumbnail","6":"product_cat-bungalows-de-obra","8":"first","9":"instock","10":"sale","11":"shipping-taxable","12":"purchasable","13":"product-type-simple"},"acf":[],"jetpack_sharing_enabled":true,"_links":{"self":[{"href":"https:\/\/heliox-containers.com\/index.php\/wp-json\/wp\/v2\/product\/7864","targetHints":{"allow":["GET"]}}],"collection":[{"href":"https:\/\/heliox-containers.com\/index.php\/wp-json\/wp\/v2\/product"}],"about":[{"href":"https:\/\/heliox-containers.com\/index.php\/wp-json\/wp\/v2\/types\/product"}],"replies":[{"embeddable":true,"href":"https:\/\/heliox-containers.com\/index.php\/wp-json\/wp\/v2\/comments?post=7864"}],"version-history":[{"count":1,"href":"https:\/\/heliox-containers.com\/index.php\/wp-json\/wp\/v2\/product\/7864\/revisions"}],"predecessor-version":[{"id":8083,"href":"https:\/\/heliox-containers.com\/index.php\/wp-json\/wp\/v2\/product\/7864\/revisions\/8083"}],"wp:featuredmedia":[{"embeddable":true,"href":"https:\/\/heliox-containers.com\/index.php\/wp-json\/wp\/v2\/media\/8082"}],"wp:attachment":[{"href":"https:\/\/heliox-containers.com\/index.php\/wp-json\/wp\/v2\/media?parent=7864"}],"wp:term":[{"taxonomy":"product_brand","embeddable":true,"href":"https:\/\/heliox-containers.com\/index.php\/wp-json\/wp\/v2\/product_brand?post=7864"},{"taxonomy":"product_cat","embeddable":true,"href":"https:\/\/heliox-containers.com\/index.php\/wp-json\/wp\/v2\/product_cat?post=7864"},{"taxonomy":"product_tag","embeddable":true,"href":"https:\/\/heliox-containers.com\/index.php\/wp-json\/wp\/v2\/product_tag?post=7864"}],"curies":[{"name":"wp","href":"https:\/\/api.w.org\/{rel}","templated":true}]}}