{"id":7654,"date":"2025-07-11T18:47:32","date_gmt":"2025-07-11T18:47:32","guid":{"rendered":"https:\/\/heliox-containers.com\/?post_type=product&#038;p=7654"},"modified":"2025-07-11T18:48:53","modified_gmt":"2025-07-11T18:48:53","slug":"contenedor-20-pies-con-puerta-y-ventana-incluido-bano-2","status":"publish","type":"product","link":"https:\/\/heliox-containers.com\/index.php\/product\/contenedor-20-pies-con-puerta-y-ventana-incluido-bano-2\/","title":{"rendered":"CONTENEDOR 20 PIES CON PUERTA Y VENTANA INCLUIDO BA\u00d1O"},"content":{"rendered":"<p>Sus medidas exteriores son: 6,10 metros de largo (20 pies), 2,44 metros de ancho (8 pies) y 2,59 metros de alto (8 pies y 6 pulgadas).<\/p>\n<p>Sus medidas interiores son: 5,89 metros de largo (19 pies y 4 pulgadas), 2,35 metros de ancho (7 pies y 9 pulgadas) y 2,39 metros de alto (7 pies y 10 pulgadas).<\/p>\n<p>La capacidad en volumen de un contenedor de 20 pies oscila entre los 30 y los 33 metros c\u00fabicos y tienen una tara de 2.300\/2.500 kg.<\/p>\n","protected":false},"excerpt":{"rendered":"<p>El contenedor 20 pies es un contenedor cerrado y seco que se utiliza para el transporte de carga general tanto en un barco como en un cami\u00f3n o en ferrocarril. Son herm\u00e9ticos y no llevan ning\u00fan tipo de ventilaci\u00f3n o refrigeraci\u00f3n.<\/p>\n<p>Para denominarlo, se utiliza el sistema m\u00e9trico anglosaj\u00f3n, en el que 1 pie (1\u2019) equivale a 0,30 metros. Tambi\u00e9n se acostumbra a denominar con la palabra TEU (Twenty foot Equivalent Unit), que se traduce por Unidad Equivalente a Veinte Pies.<\/p>\n<p>Generalmente, se fabrican con acero y disponen de una puerta de dos hojas, que se pueden abrir totalmente para permitir la carga y la descarga mediante maquinaria espec\u00edfica como carretillas o transpaletas.<\/p>\n","protected":false},"featured_media":7833,"comment_status":"open","ping_status":"closed","template":"","meta":{"_acf_changed":false},"product_brand":[],"product_cat":[176],"product_tag":[],"class_list":{"0":"post-7654","1":"product","2":"type-product","3":"status-publish","4":"has-post-thumbnail","6":"product_cat-contenedores-20-pies","8":"first","9":"instock","10":"sale","11":"shipping-taxable","12":"purchasable","13":"product-type-simple"},"acf":[],"jetpack_sharing_enabled":true,"_links":{"self":[{"href":"https:\/\/heliox-containers.com\/index.php\/wp-json\/wp\/v2\/product\/7654","targetHints":{"allow":["GET"]}}],"collection":[{"href":"https:\/\/heliox-containers.com\/index.php\/wp-json\/wp\/v2\/product"}],"about":[{"href":"https:\/\/heliox-containers.com\/index.php\/wp-json\/wp\/v2\/types\/product"}],"replies":[{"embeddable":true,"href":"https:\/\/heliox-containers.com\/index.php\/wp-json\/wp\/v2\/comments?post=7654"}],"version-history":[{"count":1,"href":"https:\/\/heliox-containers.com\/index.php\/wp-json\/wp\/v2\/product\/7654\/revisions"}],"predecessor-version":[{"id":7834,"href":"https:\/\/heliox-containers.com\/index.php\/wp-json\/wp\/v2\/product\/7654\/revisions\/7834"}],"wp:featuredmedia":[{"embeddable":true,"href":"https:\/\/heliox-containers.com\/index.php\/wp-json\/wp\/v2\/media\/7833"}],"wp:attachment":[{"href":"https:\/\/heliox-containers.com\/index.php\/wp-json\/wp\/v2\/media?parent=7654"}],"wp:term":[{"taxonomy":"product_brand","embeddable":true,"href":"https:\/\/heliox-containers.com\/index.php\/wp-json\/wp\/v2\/product_brand?post=7654"},{"taxonomy":"product_cat","embeddable":true,"href":"https:\/\/heliox-containers.com\/index.php\/wp-json\/wp\/v2\/product_cat?post=7654"},{"taxonomy":"product_tag","embeddable":true,"href":"https:\/\/heliox-containers.com\/index.php\/wp-json\/wp\/v2\/product_tag?post=7654"}],"curies":[{"name":"wp","href":"https:\/\/api.w.org\/{rel}","templated":true}]}}