{"id":7586,"date":"2025-07-11T18:47:08","date_gmt":"2025-07-11T18:47:08","guid":{"rendered":"https:\/\/heliox-containers.com\/?post_type=product&#038;p=7586"},"modified":"2025-07-11T18:48:06","modified_gmt":"2025-07-11T18:48:06","slug":"contenedor-15-pies-nuevo-2","status":"publish","type":"product","link":"https:\/\/heliox-containers.com\/index.php\/product\/contenedor-15-pies-nuevo-2\/","title":{"rendered":"CONTENEDOR 15 PIES NUEVO"},"content":{"rendered":"<p><span style=\"vertical-align: inherit;\"><span style=\"vertical-align: inherit;\">Donn\u00e9es techniques :<\/span><\/span><\/p>\n<p><span style=\"vertical-align: inherit;\"><span style=\"vertical-align: inherit;\">Mod\u00e8le : LC 15&#8242; &#8211; 4,5 m\u00e8tres<\/span><\/span><br \/>\n<span style=\"vertical-align: inherit;\"><span style=\"vertical-align: inherit;\">Mesures ext\u00e9rieures : 2200 largeur x 4550 longueur x 2260 hauteur mm<\/span><\/span><br \/>\n<span style=\"vertical-align: inherit;\"><span style=\"vertical-align: inherit;\">Mesures int\u00e9rieures : 2106 largeur x 4387 longueur x 2050 hauteur mm<\/span><\/span><br \/>\n<span style=\"vertical-align: inherit;\"><span style=\"vertical-align: inherit;\">Poids : 915 kg<\/span><\/span><br \/>\n<span style=\"vertical-align: inherit;\"><span style=\"vertical-align: inherit;\">Volume int\u00e9rieur : 18,94 m3<\/span><\/span><br \/>\n<span style=\"vertical-align: inherit;\"><span style=\"vertical-align: inherit;\">Empilage : \u00e0 3 hauteurs<\/span><\/span><br \/>\n<span style=\"vertical-align: inherit;\"><span style=\"vertical-align: inherit;\">Charge utile de levage maximale : 3 350 kg<\/span><\/span><br \/>\n<span style=\"vertical-align: inherit;\"><span style=\"vertical-align: inherit;\">Charge utile maximale : 5000 kg<\/span><\/span><\/p>\n","protected":false},"excerpt":{"rendered":"<p><span style=\"vertical-align: inherit;\"><span style=\"vertical-align: inherit;\">Le conteneur d&#8217;exp\u00e9dition de 15 pieds (4,6 m\u00e8tres) se trouve au milieu du conteneur<\/span><\/span><br \/>\n<span style=\"vertical-align: inherit;\"><span style=\"vertical-align: inherit;\">maritime 20 pieds et les 10 pieds.<\/span><\/span><br \/>\n<span style=\"vertical-align: inherit;\"><span style=\"vertical-align: inherit;\">Comme les conteneurs maritimes de 10 et 8 pieds, ils sont id\u00e9aux pour \u00eatre utilis\u00e9s comme entrep\u00f4t de s\u00e9curit\u00e9 car ils sont tr\u00e8s robustes.<\/span><\/span><br \/>\n<span style=\"vertical-align: inherit;\"><span style=\"vertical-align: inherit;\">Il est id\u00e9al lorsqu&#8217;un conteneur d&#8217;exp\u00e9dition de 10 pieds\/3 m est trop petit mais n&#8217;a pas assez d&#8217;espace pour un conteneur d&#8217;exp\u00e9dition de 20 pieds\/6 m<\/span><\/span><\/p>\n","protected":false},"featured_media":7745,"comment_status":"open","ping_status":"closed","template":"","meta":{"_acf_changed":false},"product_brand":[],"product_cat":[175],"product_tag":[],"class_list":{"0":"post-7586","1":"product","2":"type-product","3":"status-publish","4":"has-post-thumbnail","6":"product_cat-contenedores-15-pies","8":"first","9":"instock","10":"shipping-taxable","11":"purchasable","12":"product-type-simple"},"acf":[],"jetpack_sharing_enabled":true,"_links":{"self":[{"href":"https:\/\/heliox-containers.com\/index.php\/wp-json\/wp\/v2\/product\/7586","targetHints":{"allow":["GET"]}}],"collection":[{"href":"https:\/\/heliox-containers.com\/index.php\/wp-json\/wp\/v2\/product"}],"about":[{"href":"https:\/\/heliox-containers.com\/index.php\/wp-json\/wp\/v2\/types\/product"}],"replies":[{"embeddable":true,"href":"https:\/\/heliox-containers.com\/index.php\/wp-json\/wp\/v2\/comments?post=7586"}],"version-history":[{"count":1,"href":"https:\/\/heliox-containers.com\/index.php\/wp-json\/wp\/v2\/product\/7586\/revisions"}],"predecessor-version":[{"id":7746,"href":"https:\/\/heliox-containers.com\/index.php\/wp-json\/wp\/v2\/product\/7586\/revisions\/7746"}],"wp:featuredmedia":[{"embeddable":true,"href":"https:\/\/heliox-containers.com\/index.php\/wp-json\/wp\/v2\/media\/7745"}],"wp:attachment":[{"href":"https:\/\/heliox-containers.com\/index.php\/wp-json\/wp\/v2\/media?parent=7586"}],"wp:term":[{"taxonomy":"product_brand","embeddable":true,"href":"https:\/\/heliox-containers.com\/index.php\/wp-json\/wp\/v2\/product_brand?post=7586"},{"taxonomy":"product_cat","embeddable":true,"href":"https:\/\/heliox-containers.com\/index.php\/wp-json\/wp\/v2\/product_cat?post=7586"},{"taxonomy":"product_tag","embeddable":true,"href":"https:\/\/heliox-containers.com\/index.php\/wp-json\/wp\/v2\/product_tag?post=7586"}],"curies":[{"name":"wp","href":"https:\/\/api.w.org\/{rel}","templated":true}]}}