{"id":7429,"date":"2025-07-11T18:46:17","date_gmt":"2025-07-11T18:46:17","guid":{"rendered":"https:\/\/heliox-containers.com\/?post_type=product&#038;p=7429"},"modified":"2025-07-11T18:46:39","modified_gmt":"2025-07-11T18:46:39","slug":"nuevo-bubble-venta-bungalow-v2-serie-reforzado-6-metros","status":"publish","type":"product","link":"https:\/\/heliox-containers.com\/index.php\/product\/nuevo-bubble-venta-bungalow-v2-serie-reforzado-6-metros\/","title":{"rendered":"Nuevo Bubble Venta Bungalow V2 Serie Reforzado 6 metros"},"content":{"rendered":"<p>Nuevo Burbuja Venta Bungalow V2 6 metros<\/p>\n<p>El bungalow Bulle de Vente le permite tener una c\u00f3moda y est\u00e9tica oficina o oficina de ventas paraun precio inmejorable y en un tiempo inmejorableen comparaci\u00f3n con una soluci\u00f3n de compilaci\u00f3n. Hemos estandarizado 4 burbujas de venta con diferentes tama\u00f1os y diferentes niveles de opciones.<\/p>\n<p>Nuestra burbuja de ventas V2 de 6 metros se ofrece de serie en nuestra serie &amp;quot;Reforzada&amp;quot;.<\/p>\n<p>Los bungalows de la serie &amp;quot;Reforzados&amp;quot; son m\u00f3dulos que cuentan con una estructura reforzada, as\u00ed como un aislamiento t\u00e9rmico y ac\u00fastico mejorado (aislamiento grueso y doble acristalamiento). Son m\u00e1s c\u00f3modos de usar en comparaci\u00f3n con la serie est\u00e1ndar, por lo que son m\u00e1s adecuados para su uso en oficinas, por ejemplo.<\/p>\n<p>La Burbuja de Venta 6 metros V2 tiene varias opciones adicionales frente a la V1:Carpinter\u00eda de aluminio lacado gris antracita, persianas enrollables de aluminio gris antracita, aislamiento bajo el suelo de lana de vidrio sobre chapa protectora de acero galvanizado, 4 bajantes pluviales de acero galvanizado gris antracita y cuarto de aseo con lavabo.<\/p>\n<p>Este m\u00f3dulo se puede ensamblar con otro m\u00f3dulo para tener un espacio mayor: aproximadamente 27 m\u00b2 para un conjunto de dos m\u00f3dulos.<\/p>\n<p>Si desea este mismo m\u00f3dulo con la estructura m\u00e1s reforzada que existe en nuestra gama, as\u00ed como el aislamiento t\u00e9rmico y ac\u00fastico m\u00e1s eficiente, puede solicitar presupuesto para este bungalow de nuestra serie &amp;quot;Isoplus&amp;quot;.<\/p>\n<p>Nuestro bungalow &amp;quot;Bulle de Vente V2&amp;quot; requiereun tiempo de producci\u00f3n y entrega de 4 semanas a partir de la fecha del pedido. Es nuestro modelo Bulle de Vente el que mantenemos en stock, por lo que tiene el tiempo de entrega m\u00e1s r\u00e1pido.<\/p>\n<p>Nuestros bungalows se ensamblan en Francia.<\/p>\n<p>Caracter\u00edsticas t\u00e9cnicas<\/p>\n<p>DIMENSIONES<\/p>\n<p>Altura exterior: 252 cm<br \/>\nAltura interior: 220 cm<br \/>\nLongitud: 609cm<br \/>\nAncho: 242cm<\/p>\n<p>ESTRUCTURA<\/p>\n<p>Material: Acero galvanizado y lacado<br \/>\nColor: Gris antracita RAL 7016<br \/>\nEspesor: 2 mm<br \/>\nBase: altura 160 mm<br \/>\nTecho: altura 200 mm<br \/>\nManipulaci\u00f3n: 4 tomas en el techo para ganchos de elevaci\u00f3n y paso de horquillas en el s\u00f3tano<\/p>\n<p>PAREDES Y TECHO<\/p>\n<p>Material: Paneles s\u00e1ndwich<br \/>\nAislamiento: Espuma r\u00edgida de poliuretano<br \/>\nGrosor de la pared: 50 mm<br \/>\nGrosor del techo: 40 mm<br \/>\nRevestimiento del techo: Chapa de acero galvanizada con ondas griegas<br \/>\nColor de la pared: gris claro RAL 9002<\/p>\n<p>PISO<\/p>\n<p>Estructura: Paneles de aglomerado hidr\u00f3fugo<br \/>\nEspesor: 18 mm<br \/>\nRevestimiento: parquet imitaci\u00f3n PVC con z\u00f3calos negros<br \/>\nAislamiento: Aislamiento bajo suelo en lana de vidrio gr. 50 mm sobre placas de protecci\u00f3n de acero galvanizado<\/p>\n<p>CARPINTER\u00cdA<\/p>\n<p>Material: Aluminio lacado gris antracita RAL 7016<br \/>\nPuerta(s): 1 puerta de entrada medidas 104 x 220 cm (paso 90 cm) toda vidriada, acristalamiento laminado transparente de seguridad espesor 4+4 mm con persiana enrollable de aluminio color gris antracita RAL 7016 + 1 puerta de paso medidas 78 x 210 cm (64 cm de paso) completo para la sala de WC.<br \/>\nVentana(s): 2 saledizos fijos de 204 x 220 cm de di\u00e1metro, acristalamiento de seguridad laminado transparente de 4+4 mm de espesor con persianas enrollables de aluminio, color gris antracita RAL 7016 + 1 vasista de 58 x 58 cm de di\u00e1metro, doble acristalamiento moldeado en la WC.<\/p>\n<p>EQUIPO SANITARIO<\/p>\n<p>1 lavabo de cer\u00e1mica medida 36 cm con grifo y espejo<br \/>\n1 inodoro ingl\u00e9s de cer\u00e1mica equipado con cisterna&amp;nbsp;PVC y porta papel<br \/>\nEntrada de agua en la pared (A), desag\u00fces conectados a una sola salida en la pared (E)<\/p>\n<p>ELECTRICIDAD<\/p>\n<p>Iluminaci\u00f3n: 2 neones LED<br \/>\nSalidas: 2 tomas de corriente<br \/>\nCalefacci\u00f3n: 1 convector 1500 W<br \/>\nPanel: 1 panel que incluye interdiferencial y disyuntores<br \/>\nConexi\u00f3n: 1 caja de conexi\u00f3n externa<\/p>\n<p>Posibles opciones<\/p>\n<p>Libre elecci\u00f3n de colores para el marco: blanco RAL 9010, gris claro RAL 9002 o gris antracita RAL 7016<br \/>\nAltura del techo de 2,40 m, la puerta queda a una altura de 2,20 m<br \/>\nOtros colores posibles como opci\u00f3n para los paneles, el marco o la carpinter\u00eda<br \/>\nS\u00f3tano sobre patines (2 vigas de ipe de 16 cm)<br \/>\nZona de ducha integrada (con agua caliente por supuesto) + puerta + mamparas<br \/>\nAire acondicionado reversible 2300 w UNICO R10<br \/>\nAire acondicionado de ventana solo fr\u00edo de 12000 BTU<br \/>\nSHINY 12 Climatizador M\u00f3vil Reversible R290 3,5 KW + kit ventana<br \/>\nPaneles LED en lugar de luces de ne\u00f3n<br \/>\nPuerta semividriada adicional, puerta s\u00f3lida o puerta completamente de vidrio<br \/>\nVentana adicional, mirador, ventana snack o ventana con ventana e higi\u00e1fono<br \/>\nSuelo de madera-cemento de 16 mm de espesor en lugar de aglomerado (imprescindible si el bungalow no se eleva unos cm mediante tacos o cu\u00f1as, as\u00ed como para ambientes h\u00famedos) capacidad: 400 kg\/m\u00b2<br \/>\nPiso de madera fen\u00f3lica gr. 18 mm en lugar de aglomerado, capacidad: 500 kg\/m\u00b2<br \/>\nPavimento de PVC de tr\u00e1fico pesado en lugar de parquet de imitaci\u00f3n de PVC o suelo de baldosas<br \/>\nPaneles lisos, paneles alimentarios, paneles de lana de roca o paneles resistentes al fuego<br \/>\nTomas adicionales o tomas RJ45<\/p>\n<p>Posibilidad de a\u00f1adir una cocina americana.<\/p>\n<p>Fregadero sobre mueble 80x60cm 1 cubeta fr\u00eda<br \/>\nFregadero sobre mueble 80x60cm 1 cubeta con agua caliente<br \/>\nFregadero sobre mueble + agua caliente + 2 fogones + nevera<\/p>\n","protected":false},"excerpt":{"rendered":"<p>Nuestro bungalow Bulle de Vente V2 de 6 metros con zona WC es un m\u00f3dulo conuna fachada totalmente acristalada y equipada con un aseo con lavabo, con el fin de cubrir las necesidades de las oficinas de venta para diferentes actividades: promotoras inmobiliarias, vendedoras de veh\u00edculos, marmoler\u00edas, aut\u00f3nomos que trabajan desde casa, profesiones liberales, etc.<\/p>\n","protected":false},"featured_media":7509,"comment_status":"open","ping_status":"closed","template":"","meta":{"_acf_changed":false},"product_brand":[],"product_cat":[215],"product_tag":[],"class_list":{"0":"post-7429","1":"product","2":"type-product","3":"status-publish","4":"has-post-thumbnail","6":"product_cat-bungalows-de-obra","8":"first","9":"instock","10":"sale","11":"shipping-taxable","12":"purchasable","13":"product-type-simple"},"acf":[],"jetpack_sharing_enabled":true,"_links":{"self":[{"href":"https:\/\/heliox-containers.com\/index.php\/wp-json\/wp\/v2\/product\/7429","targetHints":{"allow":["GET"]}}],"collection":[{"href":"https:\/\/heliox-containers.com\/index.php\/wp-json\/wp\/v2\/product"}],"about":[{"href":"https:\/\/heliox-containers.com\/index.php\/wp-json\/wp\/v2\/types\/product"}],"replies":[{"embeddable":true,"href":"https:\/\/heliox-containers.com\/index.php\/wp-json\/wp\/v2\/comments?post=7429"}],"version-history":[{"count":1,"href":"https:\/\/heliox-containers.com\/index.php\/wp-json\/wp\/v2\/product\/7429\/revisions"}],"predecessor-version":[{"id":7510,"href":"https:\/\/heliox-containers.com\/index.php\/wp-json\/wp\/v2\/product\/7429\/revisions\/7510"}],"wp:featuredmedia":[{"embeddable":true,"href":"https:\/\/heliox-containers.com\/index.php\/wp-json\/wp\/v2\/media\/7509"}],"wp:attachment":[{"href":"https:\/\/heliox-containers.com\/index.php\/wp-json\/wp\/v2\/media?parent=7429"}],"wp:term":[{"taxonomy":"product_brand","embeddable":true,"href":"https:\/\/heliox-containers.com\/index.php\/wp-json\/wp\/v2\/product_brand?post=7429"},{"taxonomy":"product_cat","embeddable":true,"href":"https:\/\/heliox-containers.com\/index.php\/wp-json\/wp\/v2\/product_cat?post=7429"},{"taxonomy":"product_tag","embeddable":true,"href":"https:\/\/heliox-containers.com\/index.php\/wp-json\/wp\/v2\/product_tag?post=7429"}],"curies":[{"name":"wp","href":"https:\/\/api.w.org\/{rel}","templated":true}]}}