{"id":7425,"date":"2025-07-11T18:46:17","date_gmt":"2025-07-11T18:46:17","guid":{"rendered":"https:\/\/heliox-containers.com\/?post_type=product&#038;p=7425"},"modified":"2025-07-11T18:46:34","modified_gmt":"2025-07-11T18:46:34","slug":"bar-contenedor-plegable-8x2-metros-negro-ral-9005","status":"publish","type":"product","link":"https:\/\/heliox-containers.com\/index.php\/product\/bar-contenedor-plegable-8x2-metros-negro-ral-9005\/","title":{"rendered":"BAR CONTENEDOR PLEGABLE 8\u00d72 METROS NEGRO RAL 9005"},"content":{"rendered":"<h2>\u00a1UN BAR CONTENEDOR A MEDIDA PARA SUS MAYORES NECESIDADES!<\/h2>\n<p>Los bares contenedores de 8\u00d72 metros es un nuevo producto con un dise\u00f1o innovador. Aportar\u00e1 estilo a su hogar u oficina. Este recipiente no es desechable y puede utilizarse en bares, cafeter\u00edas, restaurantes, etc. Con un contenedor port\u00e1til puede trasladar su empresa o negocio a cualquier lugar. La ventaja de este contenedor es que se puede utilizar de muchas maneras diferentes, ya que consiste en dos\u00a0<a href=\"https:\/\/contenedoralmacenaje.es\/producto\/modulo-prefabricado-4x2-metros\/\">contenedores de 4\u00d72<\/a>\u00a0barras conectados entre s\u00ed. Es f\u00e1cil de transportar, ya que se puede desmontar y, sobre todo, volver a montar.<\/p>\n<blockquote><p>\u201cGarantizamos que sus clientes se sentir\u00e1n c\u00f3modos en el bar contenedor\u201d.<\/p><\/blockquote>\n<h3>CARACTER\u00cdSTICAS PRINCIPALES DE LA BARRA DE CONTENEDORES 8\u00d72:<\/h3>\n<p>Esta versi\u00f3n de nuestro bar contenedor es ideal para utilizarlo como bar de terraza al aire libre, por ejemplo. Esto se debe a que la barra de contenedores son dos contenedores diferentes de 4\u00d72 metros conectados entre s\u00ed. Esto le permite crear un espacio de almacenamiento para el bar o una zona de atenci\u00f3n al cliente si utiliza el bar como negocio. Este contenedor est\u00e1 disponible en tres versiones diferentes: con 1 toldo, 2 toldos o 3 toldos. Se pueden proporcionar toldos a petici\u00f3n. Por ejemplo, dos toldos contiguos en los lados largos o tres toldos en un lado del contenedor.<\/p>\n<h3>VENTAJAS DE UN BAR CONTENEDOR<\/h3>\n<p>Un \u201cbar contenedor\u201d tiene ventajas como local de ocio o como lugar para desarrollar un negocio. Si hay familiares de visita, un bar contenedor puede atraer su atenci\u00f3n y crear un ambiente m\u00e1s c\u00f3modo e innovador:<\/p>\n<ul>\n<li><strong>Sostenibilidad:<\/strong>\u00a0es uno de los mejores precios del mercado sin comprometer la calidad. Esto hace que su contenedor sea ideal para cualquier uso. Nuestros contenedores est\u00e1n fabricados con el mejor acero de Espa\u00f1a, por lo que sus paneles son muy duraderos.<\/li>\n<li><strong>Adaptabilidad:<\/strong>\u00a0Nuestros contenedores est\u00e1n dise\u00f1ados para que puedan desmontarse f\u00e1cilmente y colocarse en un cami\u00f3n para su transporte. Si no quiere desmontarlo, puede mover el contenedor con una carretilla elevadora utilizando las ranuras inferiores. No se necesita una gr\u00faa.<\/li>\n<\/ul>\n<h4>Si todav\u00eda tiene preguntas, p\u00f3ngase en contacto con nosotros.<\/h4>\n<p>&nbsp;<\/p>\n","protected":false},"excerpt":{"rendered":"<p><i class=\"icon-normal fa fa-check-square extra-color-1\"><\/i>\u00a0Contenedor de bar desmontable para la autoconstrucci\u00f3n<br \/>\n<i class=\"icon-normal fa fa-check-square extra-color-1\"><\/i>\u00a0Dimensiones exteriores (LxAxH) : 7767 x 2142 x 2088 mm<br \/>\n<i class=\"icon-normal fa fa-check-square extra-color-1\"><\/i>\u00a0Dimensiones interiores (LxAxA) : 7612 x 2062 x 1950 mm<br \/>\n<i class=\"icon-normal fa fa-check-square extra-color-1\"><\/i>\u00a0Dimensiones puertas : (LxH) : 1750 x 1850 mm<br \/>\n<i class=\"icon-normal fa fa-check-square extra-color-1\"><\/i>\u00a0Disponible en todos los colores RAL<br \/>\n<i class=\"icon-normal fa fa-check-square extra-color-1\"><\/i>\u00a0La cubierta del contenedor se asegura con dos cerraduras de cilindro en ambos lados<br \/>\n<i class=\"icon-normal fa fa-check-square extra-color-1\"><\/i>\u00a0Construcci\u00f3n totalmente autoportante, incluyendo el suelo<br \/>\n<i class=\"icon-normal fa fa-check-square extra-color-1\"><\/i>\u00a0Nuestro \u00fanico dise\u00f1o modular viene de serie con 2 paneles de contenedores de bar de 4 metros y 2 paneles de puertas dobles<br \/>\n<i class=\"icon-normal fa fa-check-square extra-color-1\"><\/i>\u00a0La imagen mostrada tiene un panel personalizado adicional de 2 metros. Si deseas un contenedor bar personalizado, \u00a1preg\u00fantale a nuestros especialistas!<\/p>\n","protected":false},"featured_media":7494,"comment_status":"open","ping_status":"closed","template":"","meta":{"_acf_changed":false},"product_brand":[],"product_cat":[214],"product_tag":[],"class_list":{"0":"post-7425","1":"product","2":"type-product","3":"status-publish","4":"has-post-thumbnail","6":"product_cat-bar-contenedor","8":"first","9":"instock","10":"sale","11":"shipping-taxable","12":"purchasable","13":"product-type-simple"},"acf":[],"jetpack_sharing_enabled":true,"_links":{"self":[{"href":"https:\/\/heliox-containers.com\/index.php\/wp-json\/wp\/v2\/product\/7425","targetHints":{"allow":["GET"]}}],"collection":[{"href":"https:\/\/heliox-containers.com\/index.php\/wp-json\/wp\/v2\/product"}],"about":[{"href":"https:\/\/heliox-containers.com\/index.php\/wp-json\/wp\/v2\/types\/product"}],"replies":[{"embeddable":true,"href":"https:\/\/heliox-containers.com\/index.php\/wp-json\/wp\/v2\/comments?post=7425"}],"version-history":[{"count":1,"href":"https:\/\/heliox-containers.com\/index.php\/wp-json\/wp\/v2\/product\/7425\/revisions"}],"predecessor-version":[{"id":7495,"href":"https:\/\/heliox-containers.com\/index.php\/wp-json\/wp\/v2\/product\/7425\/revisions\/7495"}],"wp:featuredmedia":[{"embeddable":true,"href":"https:\/\/heliox-containers.com\/index.php\/wp-json\/wp\/v2\/media\/7494"}],"wp:attachment":[{"href":"https:\/\/heliox-containers.com\/index.php\/wp-json\/wp\/v2\/media?parent=7425"}],"wp:term":[{"taxonomy":"product_brand","embeddable":true,"href":"https:\/\/heliox-containers.com\/index.php\/wp-json\/wp\/v2\/product_brand?post=7425"},{"taxonomy":"product_cat","embeddable":true,"href":"https:\/\/heliox-containers.com\/index.php\/wp-json\/wp\/v2\/product_cat?post=7425"},{"taxonomy":"product_tag","embeddable":true,"href":"https:\/\/heliox-containers.com\/index.php\/wp-json\/wp\/v2\/product_tag?post=7425"}],"curies":[{"name":"wp","href":"https:\/\/api.w.org\/{rel}","templated":true}]}}