{"id":7423,"date":"2025-07-11T18:46:16","date_gmt":"2025-07-11T18:46:16","guid":{"rendered":"https:\/\/heliox-containers.com\/?post_type=product&#038;p=7423"},"modified":"2025-07-11T18:46:31","modified_gmt":"2025-07-11T18:46:31","slug":"bar-contenedor-plegable-3x2-metros-verde-ral-6016","status":"publish","type":"product","link":"https:\/\/heliox-containers.com\/index.php\/product\/bar-contenedor-plegable-3x2-metros-verde-ral-6016\/","title":{"rendered":"BAR CONTENEDOR PLEGABLE 3\u00d72 METROS VERDE RAL 6016"},"content":{"rendered":"<h2>\u00bfQU\u00c9 SON LAS TIENDAS POP UP?<\/h2>\n<p>Las tiendas pop up tiene tama\u00f1os variados y est\u00e1 equipado con una puerta doble super resistente con doble seguro. Las dimensiones de nuestro bar contenedor plegable son similares a este contenedor. La diferencia con el bar contenedor plegable es su toldo abatible d\u00e1ndole una apariencia de bar o tienda personal. Este contenedor plegable es capaz de todo lo que requiera su empresa al adquirirlo. El toldo del contenedor tambi\u00e9n puede ser cerrado y asegurado para mantener todo lo de su interior en \u00f3ptimas condiciones. Debido a que el bar contenedor cuenta con la puerta doble con seguro doble como dicho anteriormente este tambi\u00e9n puede contener art\u00edculos grandes, como barriles de cerveza o refrigeradoras. Por lo tanto, es ideal para servir bebidas a los invitados o amigos. Un bar contenedor plegable sencillo pero robusto y duradero.<\/p>\n<h3>PRINCIPALES APLICACIONES DE LAS TIENDAS POP UP<\/h3>\n<p>Las tienda pop up tiene un sinf\u00edn de usos, todo depende del que le quiera dar. Puede utilizarla en una fiesta como bar donde comprar bebidas y comida, pero tambi\u00e9n puede utilizarla en un festival o evento. No importa si es grande o peque\u00f1o, un bar contenedor es perfecto para cualquier ocasi\u00f3n. Guarda todos los elementos esenciales de un bar, como las bebidas, la comida y las neveras, en el contenedor plegable y estar\u00e1s listo en un abrir y cerrar de ojos. Despu\u00e9s de una fiesta, un evento o si quieres guardar el contenedor, se puede desmontar f\u00e1cilmente gracias a los paneles extra\u00edbles.<\/p>\n<p>De este modo, el bar contenedor plegable puede guardarse para ahorrar espacio. Por supuesto, el bar container tambi\u00e9n puede utilizarse para otros fines. Puede hacer lo que quiera y estaremos encantados de ayudarle en su elecci\u00f3n. As\u00ed que no dude en ponerse en contacto con nosotros, estaremos encantados de ayudarle con su bar contenedor.<\/p>\n<p>Otra ventaja de los\u00a0 bares es que se puede transportar f\u00e1cilmente con una carretilla elevadora ligera gracias a los huecos para carretilla situados en la parte inferior del contenedor. Esto facilita el traslado de un lugar a otro sin necesidad de muchas personas. El contenedor plegable est\u00e1 disponible en todos los colores RAL, lo que ya est\u00e1 incluido en el precio. Adem\u00e1s, garantizamos los precios m\u00e1s bajos de Espa\u00f1a. En contenedoralmacenaje.es ofrecemos productos de alta calidad y lo mejor es que se ofrecen a precios bajos.<\/p>\n<h3>M\u00c1S INFORMACI\u00d3N<\/h3>\n<p>\u00bfEst\u00e1 interesado o no est\u00e1 seguro?<\/p>\n<p>Sin embargo, aqu\u00ed encontrar\u00e1 m\u00e1s informaci\u00f3n sobre nuestro bar container plegable que seguramente le ayudar\u00e1 en su decisi\u00f3n.<\/p>\n<p>No se necesitan herramientas pesadas para nuestro container plegable. La instalaci\u00f3n es muy sencilla y r\u00e1pida.<\/p>\n<p>El precio m\u00e1s bajo est\u00e1 siempre garantizado.<br \/>\nExcelente servicio de atenci\u00f3n al cliente<br \/>\nEntrega r\u00e1pida en toda Europa<br \/>\nEntrega directamente desde el almac\u00e9n<br \/>\nEntregamos el contenedor en cualquier lugar, incluso es posible la entrega in situ.<br \/>\n1 a\u00f1o de garant\u00eda contra la corrosi\u00f3n<br \/>\nUna vez montado, el contenedor plegable se puede mover f\u00e1cilmente gracias a las ranuras para carretillas elevadoras y a los ojos de gr\u00faa.<\/p>\n<p>&nbsp;<\/p>\n","protected":false},"excerpt":{"rendered":"<p><i class=\"icon-normal fa fa-check-square extra-color-1\"><\/i>\u00a0Contenedor de barra de auto-ensamblaje desmontable<br \/>\n<i class=\"icon-normal fa fa-check-square extra-color-1\"><\/i>\u00a0Dimensiones exteriores (LxAxA) : 2950 x 2062 x 2088 mm<br \/>\n<i class=\"icon-normal fa fa-check-square extra-color-1\"><\/i>\u00a0Dimensiones interiores (LxAxA) : 2872 x 2062 x 1950 mm<br \/>\n<i class=\"icon-normal fa fa-check-square extra-color-1\"><\/i>\u00a0Dimensiones de la puerta: (LxH) : 1750 x 1850 mm<br \/>\n<i class=\"icon-normal fa fa-check-square extra-color-1\"><\/i>\u00a0Disponible en todos los colores RAL<br \/>\n<i class=\"icon-normal fa fa-check-square extra-color-1\"><\/i>\u00a0La cubierta del contenedor se asegura con dos cerraduras de cilindro en ambos lados<br \/>\n<i class=\"icon-normal fa fa-check-square extra-color-1\"><\/i>\u00a0Construcci\u00f3n totalmente autoportante, incluyendo el suelo<\/p>\n","protected":false},"featured_media":7478,"comment_status":"open","ping_status":"closed","template":"","meta":{"_acf_changed":false},"product_brand":[],"product_cat":[214],"product_tag":[],"class_list":{"0":"post-7423","1":"product","2":"type-product","3":"status-publish","4":"has-post-thumbnail","6":"product_cat-bar-contenedor","8":"first","9":"instock","10":"sale","11":"shipping-taxable","12":"purchasable","13":"product-type-simple"},"acf":[],"jetpack_sharing_enabled":true,"_links":{"self":[{"href":"https:\/\/heliox-containers.com\/index.php\/wp-json\/wp\/v2\/product\/7423","targetHints":{"allow":["GET"]}}],"collection":[{"href":"https:\/\/heliox-containers.com\/index.php\/wp-json\/wp\/v2\/product"}],"about":[{"href":"https:\/\/heliox-containers.com\/index.php\/wp-json\/wp\/v2\/types\/product"}],"replies":[{"embeddable":true,"href":"https:\/\/heliox-containers.com\/index.php\/wp-json\/wp\/v2\/comments?post=7423"}],"version-history":[{"count":1,"href":"https:\/\/heliox-containers.com\/index.php\/wp-json\/wp\/v2\/product\/7423\/revisions"}],"predecessor-version":[{"id":7479,"href":"https:\/\/heliox-containers.com\/index.php\/wp-json\/wp\/v2\/product\/7423\/revisions\/7479"}],"wp:featuredmedia":[{"embeddable":true,"href":"https:\/\/heliox-containers.com\/index.php\/wp-json\/wp\/v2\/media\/7478"}],"wp:attachment":[{"href":"https:\/\/heliox-containers.com\/index.php\/wp-json\/wp\/v2\/media?parent=7423"}],"wp:term":[{"taxonomy":"product_brand","embeddable":true,"href":"https:\/\/heliox-containers.com\/index.php\/wp-json\/wp\/v2\/product_brand?post=7423"},{"taxonomy":"product_cat","embeddable":true,"href":"https:\/\/heliox-containers.com\/index.php\/wp-json\/wp\/v2\/product_cat?post=7423"},{"taxonomy":"product_tag","embeddable":true,"href":"https:\/\/heliox-containers.com\/index.php\/wp-json\/wp\/v2\/product_tag?post=7423"}],"curies":[{"name":"wp","href":"https:\/\/api.w.org\/{rel}","templated":true}]}}