{"id":7049,"date":"2023-08-23T08:03:19","date_gmt":"2023-08-23T08:03:19","guid":{"rendered":"https:\/\/heliox-containers.com\/?post_type=product&#038;p=7049"},"modified":"2023-08-23T08:03:19","modified_gmt":"2023-08-23T08:03:19","slug":"contenedor-oficina-2","status":"publish","type":"product","link":"https:\/\/heliox-containers.com\/index.php\/product\/contenedor-oficina-2\/","title":{"rendered":"CONTENEDOR OFICINA"},"content":{"rendered":"<p>Si usted tiene una empresa, comprar un contenedor de oficina usado puede ser la soluci\u00f3n adecuada para usted. Es posible que esta sea una buena opci\u00f3n si usted planea mudar su oficina a otro lugar ya que el contenedor provee inmediatamente de un espacio al que se le puede habilitar de luz e incluso agua.<\/p>\n<p>Se pueden pedir en un contenedor de oficina est\u00e1ndar o en un contenedor oficina personalizado seg\u00fan sus necesidades y presupuesto.<\/p>\n<p>Las modalidades del contenedor se pueden encontrar en: Oficina de 20 pies, oficina de 40 pies, oficina de 10 pies y oficina tipo sala de ventas.<\/p>\n","protected":false},"excerpt":{"rendered":"<p>Caseta sanitaria port\u00e1til revestida de madera. Somos<br \/>\nfabricante de cuartos de jard\u00edn en Turqu\u00eda. Contrataci\u00f3n -a<br \/>\ngrua. PRECIO NO INCLUYE. lana mineral de roca<br \/>\naislamiento de techo y paredes. Paredes interiores de cart\u00f3n yeso.<br \/>\nRevestimiento de paredes en madera de pino de buena calidad.<\/p>\n","protected":false},"featured_media":7050,"comment_status":"open","ping_status":"closed","template":"","meta":{"_acf_changed":false},"product_brand":[],"product_cat":[181],"product_tag":[],"class_list":{"0":"post-7049","1":"product","2":"type-product","3":"status-publish","4":"has-post-thumbnail","6":"product_cat-contenedores-oficinas","8":"first","9":"instock","10":"shipping-taxable","11":"purchasable","12":"product-type-simple"},"acf":[],"jetpack_sharing_enabled":true,"_links":{"self":[{"href":"https:\/\/heliox-containers.com\/index.php\/wp-json\/wp\/v2\/product\/7049","targetHints":{"allow":["GET"]}}],"collection":[{"href":"https:\/\/heliox-containers.com\/index.php\/wp-json\/wp\/v2\/product"}],"about":[{"href":"https:\/\/heliox-containers.com\/index.php\/wp-json\/wp\/v2\/types\/product"}],"replies":[{"embeddable":true,"href":"https:\/\/heliox-containers.com\/index.php\/wp-json\/wp\/v2\/comments?post=7049"}],"version-history":[{"count":0,"href":"https:\/\/heliox-containers.com\/index.php\/wp-json\/wp\/v2\/product\/7049\/revisions"}],"wp:featuredmedia":[{"embeddable":true,"href":"https:\/\/heliox-containers.com\/index.php\/wp-json\/wp\/v2\/media\/7050"}],"wp:attachment":[{"href":"https:\/\/heliox-containers.com\/index.php\/wp-json\/wp\/v2\/media?parent=7049"}],"wp:term":[{"taxonomy":"product_brand","embeddable":true,"href":"https:\/\/heliox-containers.com\/index.php\/wp-json\/wp\/v2\/product_brand?post=7049"},{"taxonomy":"product_cat","embeddable":true,"href":"https:\/\/heliox-containers.com\/index.php\/wp-json\/wp\/v2\/product_cat?post=7049"},{"taxonomy":"product_tag","embeddable":true,"href":"https:\/\/heliox-containers.com\/index.php\/wp-json\/wp\/v2\/product_tag?post=7049"}],"curies":[{"name":"wp","href":"https:\/\/api.w.org\/{rel}","templated":true}]}}